{"id":80,"date":"2016-07-13T11:32:48","date_gmt":"2016-07-13T10:32:48","guid":{"rendered":"http:\/\/unpoildemotion.fr\/?page_id=80"},"modified":"2025-11-03T19:01:16","modified_gmt":"2025-11-03T18:01:16","slug":"la-mediation","status":"publish","type":"page","link":"https:\/\/unpoildemotion.fr\/index.php\/la-mediation\/","title":{"rendered":"La M\u00e9diation animale qu&rsquo;est ce que c&rsquo;est ?"},"content":{"rendered":"<p>[et_pb_section fb_built=\u00a0\u00bb1&Prime; custom_padding_last_edited=\u00a0\u00bbon|desktop\u00a0\u00bb admin_label=\u00a0\u00bbsection\u00a0\u00bb _builder_version=\u00a0\u00bb4.27.4&Prime; background_color=\u00a0\u00bbRGBA(255,255,255,0)\u00a0\u00bb background_image=\u00a0\u00bbhttps:\/\/unpoildemotion.fr\/wp-content\/uploads\/2025\/10\/95a55a9b-214a-4c9e-9623-6c80c7430a0d.jpg\u00a0\u00bb min_height=\u00a0\u00bb462px\u00a0\u00bb custom_padding=\u00a0\u00bb||65px|||\u00a0\u00bb custom_padding_tablet=\u00a0\u00bb50px|0|50px|0&Prime; custom_padding_phone=\u00a0\u00bb50px|32px|70px|26px||\u00a0\u00bb transparent_background=\u00a0\u00bboff\u00a0\u00bb padding_mobile=\u00a0\u00bboff\u00a0\u00bb make_fullwidth=\u00a0\u00bboff\u00a0\u00bb use_custom_width=\u00a0\u00bboff\u00a0\u00bb width_unit=\u00a0\u00bbon\u00a0\u00bb global_colors_info=\u00a0\u00bb{}\u00a0\u00bb custom_margin=\u00a0\u00bb||-3px|||\u00a0\u00bb][et_pb_row column_structure=\u00a0\u00bb3_5,2_5&Prime; use_custom_gutter=\u00a0\u00bbon\u00a0\u00bb make_equal=\u00a0\u00bbon\u00a0\u00bb column_padding_mobile=\u00a0\u00bbon\u00a0\u00bb admin_label=\u00a0\u00bbrow\u00a0\u00bb _builder_version=\u00a0\u00bb4.19.5&Prime; background_color=\u00a0\u00bb#ffffff\u00a0\u00bb background_size=\u00a0\u00bbinitial\u00a0\u00bb background_position=\u00a0\u00bbtop_left\u00a0\u00bb background_repeat=\u00a0\u00bbrepeat\u00a0\u00bb width=\u00a0\u00bb92%\u00a0\u00bb max_width_tablet=\u00a0\u00bb\u00a0\u00bb max_width_phone=\u00a0\u00bb1454%\u00a0\u00bb max_width_last_edited=\u00a0\u00bbon|phone\u00a0\u00bb module_alignment=\u00a0\u00bbcenter\u00a0\u00bb min_height=\u00a0\u00bb1171px\u00a0\u00bb height=\u00a0\u00bb482px\u00a0\u00bb max_height=\u00a0\u00bb102px\u00a0\u00bb custom_margin=\u00a0\u00bb|auto|281px|auto|false|false\u00a0\u00bb custom_padding=\u00a0\u00bb||16px|8px|false|false\u00a0\u00bb animation_style=\u00a0\u00bbfade\u00a0\u00bb border_radii=\u00a0\u00bbon|3px|3px|3px|3px\u00a0\u00bb border_width_all=\u00a0\u00bb8px\u00a0\u00bb border_color_all=\u00a0\u00bb#FFFFFF\u00a0\u00bb box_shadow_style=\u00a0\u00bbpreset5&Prime; make_fullwidth=\u00a0\u00bboff\u00a0\u00bb use_custom_width=\u00a0\u00bboff\u00a0\u00bb width_unit=\u00a0\u00bbon\u00a0\u00bb global_colors_info=\u00a0\u00bb{}\u00a0\u00bb][et_pb_column type=\u00a0\u00bb3_5&Prime; _builder_version=\u00a0\u00bb4.16&Prime; background_color=\u00a0\u00bb#FFFFFF\u00a0\u00bb custom_padding=\u00a0\u00bb|||\u00a0\u00bb global_colors_info=\u00a0\u00bb{}\u00a0\u00bb custom_padding__hover=\u00a0\u00bb|||\u00a0\u00bb][et_pb_image src=\u00a0\u00bbhttps:\/\/unpoildemotion.fr\/wp-content\/uploads\/2016\/07\/Sans-titre.png\u00a0\u00bb alt=\u00a0\u00bbchien husky et un homme allong\u00e9 dans l&rsquo;herbe\u00a0\u00bb title_text=\u00a0\u00bbSans titre\u00a0\u00bb align=\u00a0\u00bbcenter\u00a0\u00bb src_tablet=\u00a0\u00bb\u00a0\u00bb src_phone=\u00a0\u00bbhttps:\/\/unpoildemotion.fr\/wp-content\/uploads\/2016\/07\/Sans-titre.png\u00a0\u00bb src_last_edited=\u00a0\u00bbon|phone\u00a0\u00bb align_tablet=\u00a0\u00bbcenter\u00a0\u00bb align_phone=\u00a0\u00bbcenter\u00a0\u00bb align_last_edited=\u00a0\u00bbon|phone\u00a0\u00bb admin_label=\u00a0\u00bbImage\u00a0\u00bb _builder_version=\u00a0\u00bb4.16&Prime; width=\u00a0\u00bb100%\u00a0\u00bb max_width=\u00a0\u00bb100%\u00a0\u00bb max_width_tablet=\u00a0\u00bb\u00a0\u00bb max_width_phone=\u00a0\u00bb100%\u00a0\u00bb max_width_last_edited=\u00a0\u00bbon|phone\u00a0\u00bb module_alignment=\u00a0\u00bbcenter\u00a0\u00bb min_height=\u00a0\u00bb311px\u00a0\u00bb min_height_tablet=\u00a0\u00bb\u00a0\u00bb min_height_phone=\u00a0\u00bb243px\u00a0\u00bb min_height_last_edited=\u00a0\u00bbon|desktop\u00a0\u00bb height=\u00a0\u00bb100px\u00a0\u00bb height_tablet=\u00a0\u00bb\u00a0\u00bb height_phone=\u00a0\u00bb189px\u00a0\u00bb height_last_edited=\u00a0\u00bbon|phone\u00a0\u00bb max_height=\u00a0\u00bb770px\u00a0\u00bb max_height_tablet=\u00a0\u00bb\u00a0\u00bb max_height_phone=\u00a0\u00bb1000px\u00a0\u00bb max_height_last_edited=\u00a0\u00bbon|phone\u00a0\u00bb custom_margin=\u00a0\u00bb22px||||false|false\u00a0\u00bb custom_margin_tablet=\u00a0\u00bb\u00a0\u00bb custom_margin_phone=\u00a0\u00bb-71px||||false|false\u00a0\u00bb custom_margin_last_edited=\u00a0\u00bbon|phone\u00a0\u00bb custom_padding=\u00a0\u00bb0px||11px|||\u00a0\u00bb animation_style=\u00a0\u00bbfade\u00a0\u00bb animation_direction=\u00a0\u00bbleft\u00a0\u00bb animation_duration=\u00a0\u00bb500ms\u00a0\u00bb border_color_all=\u00a0\u00bb#FFFFFF\u00a0\u00bb animation=\u00a0\u00bbleft\u00a0\u00bb sticky=\u00a0\u00bboff\u00a0\u00bb use_border_color=\u00a0\u00bboff\u00a0\u00bb border_color=\u00a0\u00bb#ffffff\u00a0\u00bb border_style=\u00a0\u00bbsolid\u00a0\u00bb always_center_on_mobile=\u00a0\u00bbon\u00a0\u00bb global_colors_info=\u00a0\u00bb{}\u00a0\u00bb custom_margin__hover_enabled=\u00a0\u00bbon|desktop\u00a0\u00bb custom_margin__hover=\u00a0\u00bb22px||||false|false\u00a0\u00bb] [\/et_pb_image][et_pb_text admin_label=\u00a0\u00bbTexte\u00a0\u00bb _builder_version=\u00a0\u00bb4.27.4&Prime; text_font=\u00a0\u00bbJudson||||||||\u00a0\u00bb text_font_size=\u00a0\u00bb1px\u00a0\u00bb text_line_height=\u00a0\u00bb1em\u00a0\u00bb header_font_size=\u00a0\u00bb1px\u00a0\u00bb background_size=\u00a0\u00bbinitial\u00a0\u00bb background_position=\u00a0\u00bbtop_left\u00a0\u00bb background_repeat=\u00a0\u00bbrepeat\u00a0\u00bb width=\u00a0\u00bb100%\u00a0\u00bb max_width=\u00a0\u00bb100%\u00a0\u00bb min_height=\u00a0\u00bb693px\u00a0\u00bb height=\u00a0\u00bb100px\u00a0\u00bb max_height=\u00a0\u00bb100px\u00a0\u00bb custom_padding=\u00a0\u00bb|0px|41px|||\u00a0\u00bb hover_enabled=\u00a0\u00bb0&Prime; text_font_tablet=\u00a0\u00bb\u00a0\u00bb text_font_phone=\u00a0\u00bb\u00a0\u00bb text_font_last_edited=\u00a0\u00bbon|phone\u00a0\u00bb text_line_height_tablet=\u00a0\u00bb\u00a0\u00bb text_line_height_phone=\u00a0\u00bb\u00a0\u00bb text_line_height_last_edited=\u00a0\u00bbon|desktop\u00a0\u00bb use_border_color=\u00a0\u00bboff\u00a0\u00bb border_color=\u00a0\u00bb#ffffff\u00a0\u00bb border_style=\u00a0\u00bbsolid\u00a0\u00bb inline_fonts=\u00a0\u00bbCourgette\u00a0\u00bb global_colors_info=\u00a0\u00bb{}\u00a0\u00bb sticky_enabled=\u00a0\u00bb0&Prime;]<\/p>\n<h2 style=\"text-align: left;\"><span style=\"font-size: 18pt; color: #3366ff; font-family: Courgette;\"><\/span><\/h2>\n<h2 style=\"text-align: left;\"><span style=\"font-size: 18pt; color: #3366ff; font-family: Courgette;\"><\/span><\/h2>\n<h2 style=\"text-align: left;\"><span style=\"font-size: 18pt; color: #3366ff; font-family: Courgette;\"><\/span><\/h2>\n<h2 style=\"text-align: left;\"><span style=\"font-size: 18pt; color: #000000; font-family: Courgette;\">La m\u00e9diation assist\u00e9e animale, l&rsquo;autre nom de la zooth\u00e9rapie.<\/span><\/h2>\n<p><span style=\"font-size: 18pt; color: #3366ff; font-family: Courgette;\"><\/span><\/p>\n<p><span style=\"font-size: 18pt; color: #3366ff; font-family: Courgette;\"><\/span><span style=\"color: #ffffff;\">zootherapie\u00a0<\/span><\/p>\n<h4 style=\"text-align: left;\"><span style=\"font-family: Courgette;\"><span style=\"color: #000000; font-size: 12pt;\">La pratique de <strong>la m\u00e9diation animale<\/strong> est la recherche d&rsquo;<strong>interactions positives<\/strong> issues de la mise en relation intentionnelle homme-animal. <\/span><span style=\"color: #000000; font-size: 12pt;\">Elle permet de <strong>maintenir ou am\u00e9liorer un \u00e9tat de bien-\u00eatre physique, mental ou social<\/strong> aupr\u00e8s de personnes <strong>souffrantes<\/strong> pour r\u00e9duire <strong>le stress, la solitude, les troubles du comportement, les probl\u00e8mes post-op\u00e9ratoires<\/strong> ou encore <strong>les cons\u00e9quences d&rsquo;un traitement lourd<\/strong>. <\/span><span style=\"color: #000000; font-size: 12pt;\">De nombreuses \u00e9tudes ont confirm\u00e9 que le simple contact avec l&rsquo;animal \u00e9tait <strong>favorable \u00e0 la sant\u00e9 physique et mentale<\/strong>, parce que l&rsquo;animal procure <strong>une estime de soi<\/strong> en comblant une part de nos <strong>besoins psychologiques et \u00e9motionnels<\/strong>. <\/span><span style=\"color: #000000; font-size: 12pt;\">Il <strong>diminue le stress et l&rsquo;anxi\u00e9t\u00e9<\/strong> et procure un <strong>sentiment de bien-\u00eatre<\/strong>, il <strong>soulage<\/strong> les personnes en <strong>d\u00e9pression<\/strong>. <strong>La m\u00e9diation assist\u00e9e par l&rsquo;animal<\/strong> \u00e0 un tr\u00e8s large domaine d&rsquo;intervention.<\/span><\/span><\/h4>\n<p><span style=\"font-size: 18pt; color: #3366ff; font-family: Courgette;\"><\/span><\/p>\n<p><span style=\"font-size: 18pt; color: #3366ff; font-family: Courgette;\"><\/span><\/p>\n<p>[\/et_pb_text][\/et_pb_column][et_pb_column type=\u00a0\u00bb2_5&Prime; _builder_version=\u00a0\u00bb4.16&Prime; background_color=\u00a0\u00bb#FFFFFF\u00a0\u00bb custom_padding=\u00a0\u00bb|||\u00a0\u00bb global_colors_info=\u00a0\u00bb{}\u00a0\u00bb custom_padding__hover=\u00a0\u00bb|||\u00a0\u00bb][\/et_pb_column][\/et_pb_row][\/et_pb_section]<\/p>\n","protected":false},"excerpt":{"rendered":"<p>La m\u00e9diation assist\u00e9e animale, l&rsquo;autre nom de la zooth\u00e9rapie. zootherapie\u00a0 La pratique de la m\u00e9diation animale est la recherche d&rsquo;interactions positives issues de la mise en relation intentionnelle homme-animal. Elle permet de maintenir ou am\u00e9liorer un \u00e9tat de bien-\u00eatre physique, mental ou social aupr\u00e8s de personnes souffrantes pour r\u00e9duire le stress, la solitude, les troubles [&hellip;]<\/p>\n","protected":false},"author":1,"featured_media":0,"parent":0,"menu_order":0,"comment_status":"closed","ping_status":"closed","template":"","meta":{"_et_pb_use_builder":"on","_et_pb_old_content":"","_et_gb_content_width":""},"yoast_head":"<!-- This site is optimized with the Yoast SEO plugin v20.4 - https:\/\/yoast.com\/wordpress\/plugins\/seo\/ -->\n<title>La M\u00e9diation animale qu&#039;est ce que c&#039;est ? - un poil d&#039;\u00e9motion<\/title>\n<meta name=\"description\" content=\"la m\u00e9diation animale est un \u00e9change physique et mental entre trois protagonistes. Elle facilite l&#039;\u00e9change et la communication avec un \u00eatre vivant.\" \/>\n<meta name=\"robots\" content=\"index, follow, max-snippet:-1, max-image-preview:large, max-video-preview:-1\" \/>\n<link rel=\"canonical\" href=\"https:\/\/unpoildemotion.fr\/index.php\/la-mediation\/\" \/>\n<meta property=\"og:locale\" content=\"fr_FR\" \/>\n<meta property=\"og:type\" content=\"article\" \/>\n<meta property=\"og:title\" content=\"La M\u00e9diation animale qu&#039;est ce que c&#039;est ? - un poil d&#039;\u00e9motion\" \/>\n<meta property=\"og:description\" content=\"la m\u00e9diation animale est un \u00e9change physique et mental entre trois protagonistes. Elle facilite l&#039;\u00e9change et la communication avec un \u00eatre vivant.\" \/>\n<meta property=\"og:url\" content=\"https:\/\/unpoildemotion.fr\/index.php\/la-mediation\/\" \/>\n<meta property=\"og:site_name\" content=\"un poil d&#039;\u00e9motion\" \/>\n<meta property=\"article:modified_time\" content=\"2025-11-03T18:01:16+00:00\" \/>\n<meta name=\"twitter:card\" content=\"summary_large_image\" \/>\n<meta name=\"twitter:label1\" content=\"Dur\u00e9e de lecture estim\u00e9e\" \/>\n\t<meta name=\"twitter:data1\" content=\"3 minutes\" \/>\n<script type=\"application\/ld+json\" class=\"yoast-schema-graph\">{\"@context\":\"https:\/\/schema.org\",\"@graph\":[{\"@type\":\"WebPage\",\"@id\":\"https:\/\/unpoildemotion.fr\/index.php\/la-mediation\/\",\"url\":\"https:\/\/unpoildemotion.fr\/index.php\/la-mediation\/\",\"name\":\"La M\u00e9diation animale qu'est ce que c'est ? - un poil d&#039;\u00e9motion\",\"isPartOf\":{\"@id\":\"https:\/\/unpoildemotion.fr\/#website\"},\"datePublished\":\"2016-07-13T10:32:48+00:00\",\"dateModified\":\"2025-11-03T18:01:16+00:00\",\"description\":\"la m\u00e9diation animale est un \u00e9change physique et mental entre trois protagonistes. Elle facilite l'\u00e9change et la communication avec un \u00eatre vivant.\",\"breadcrumb\":{\"@id\":\"https:\/\/unpoildemotion.fr\/index.php\/la-mediation\/#breadcrumb\"},\"inLanguage\":\"fr-FR\",\"potentialAction\":[{\"@type\":\"ReadAction\",\"target\":[\"https:\/\/unpoildemotion.fr\/index.php\/la-mediation\/\"]}]},{\"@type\":\"BreadcrumbList\",\"@id\":\"https:\/\/unpoildemotion.fr\/index.php\/la-mediation\/#breadcrumb\",\"itemListElement\":[{\"@type\":\"ListItem\",\"position\":1,\"name\":\"Accueil\",\"item\":\"https:\/\/unpoildemotion.fr\/\"},{\"@type\":\"ListItem\",\"position\":2,\"name\":\"La M\u00e9diation animale qu&rsquo;est ce que c&rsquo;est ?\"}]},{\"@type\":\"WebSite\",\"@id\":\"https:\/\/unpoildemotion.fr\/#website\",\"url\":\"https:\/\/unpoildemotion.fr\/\",\"name\":\"un poil d&#039;\u00e9motion\",\"description\":\"le bien-\u00eatre par l&#039;animal\",\"publisher\":{\"@id\":\"https:\/\/unpoildemotion.fr\/#\/schema\/person\/492b22c9db13b2c944912056d80be19a\"},\"potentialAction\":[{\"@type\":\"SearchAction\",\"target\":{\"@type\":\"EntryPoint\",\"urlTemplate\":\"https:\/\/unpoildemotion.fr\/?s={search_term_string}\"},\"query-input\":\"required name=search_term_string\"}],\"inLanguage\":\"fr-FR\"},{\"@type\":[\"Person\",\"Organization\"],\"@id\":\"https:\/\/unpoildemotion.fr\/#\/schema\/person\/492b22c9db13b2c944912056d80be19a\",\"name\":\"perrine delecourt\",\"logo\":{\"@id\":\"https:\/\/unpoildemotion.fr\/#\/schema\/person\/image\/\"}}]}<\/script>\n<!-- \/ Yoast SEO plugin. -->","yoast_head_json":{"title":"La M\u00e9diation animale qu'est ce que c'est ? - un poil d&#039;\u00e9motion","description":"la m\u00e9diation animale est un \u00e9change physique et mental entre trois protagonistes. Elle facilite l'\u00e9change et la communication avec un \u00eatre vivant.","robots":{"index":"index","follow":"follow","max-snippet":"max-snippet:-1","max-image-preview":"max-image-preview:large","max-video-preview":"max-video-preview:-1"},"canonical":"https:\/\/unpoildemotion.fr\/index.php\/la-mediation\/","og_locale":"fr_FR","og_type":"article","og_title":"La M\u00e9diation animale qu'est ce que c'est ? - un poil d&#039;\u00e9motion","og_description":"la m\u00e9diation animale est un \u00e9change physique et mental entre trois protagonistes. Elle facilite l'\u00e9change et la communication avec un \u00eatre vivant.","og_url":"https:\/\/unpoildemotion.fr\/index.php\/la-mediation\/","og_site_name":"un poil d&#039;\u00e9motion","article_modified_time":"2025-11-03T18:01:16+00:00","twitter_card":"summary_large_image","twitter_misc":{"Dur\u00e9e de lecture estim\u00e9e":"3 minutes"},"schema":{"@context":"https:\/\/schema.org","@graph":[{"@type":"WebPage","@id":"https:\/\/unpoildemotion.fr\/index.php\/la-mediation\/","url":"https:\/\/unpoildemotion.fr\/index.php\/la-mediation\/","name":"La M\u00e9diation animale qu'est ce que c'est ? - un poil d&#039;\u00e9motion","isPartOf":{"@id":"https:\/\/unpoildemotion.fr\/#website"},"datePublished":"2016-07-13T10:32:48+00:00","dateModified":"2025-11-03T18:01:16+00:00","description":"la m\u00e9diation animale est un \u00e9change physique et mental entre trois protagonistes. Elle facilite l'\u00e9change et la communication avec un \u00eatre vivant.","breadcrumb":{"@id":"https:\/\/unpoildemotion.fr\/index.php\/la-mediation\/#breadcrumb"},"inLanguage":"fr-FR","potentialAction":[{"@type":"ReadAction","target":["https:\/\/unpoildemotion.fr\/index.php\/la-mediation\/"]}]},{"@type":"BreadcrumbList","@id":"https:\/\/unpoildemotion.fr\/index.php\/la-mediation\/#breadcrumb","itemListElement":[{"@type":"ListItem","position":1,"name":"Accueil","item":"https:\/\/unpoildemotion.fr\/"},{"@type":"ListItem","position":2,"name":"La M\u00e9diation animale qu&rsquo;est ce que c&rsquo;est ?"}]},{"@type":"WebSite","@id":"https:\/\/unpoildemotion.fr\/#website","url":"https:\/\/unpoildemotion.fr\/","name":"un poil d&#039;\u00e9motion","description":"le bien-\u00eatre par l&#039;animal","publisher":{"@id":"https:\/\/unpoildemotion.fr\/#\/schema\/person\/492b22c9db13b2c944912056d80be19a"},"potentialAction":[{"@type":"SearchAction","target":{"@type":"EntryPoint","urlTemplate":"https:\/\/unpoildemotion.fr\/?s={search_term_string}"},"query-input":"required name=search_term_string"}],"inLanguage":"fr-FR"},{"@type":["Person","Organization"],"@id":"https:\/\/unpoildemotion.fr\/#\/schema\/person\/492b22c9db13b2c944912056d80be19a","name":"perrine delecourt","logo":{"@id":"https:\/\/unpoildemotion.fr\/#\/schema\/person\/image\/"}}]}},"_links":{"self":[{"href":"https:\/\/unpoildemotion.fr\/index.php\/wp-json\/wp\/v2\/pages\/80"}],"collection":[{"href":"https:\/\/unpoildemotion.fr\/index.php\/wp-json\/wp\/v2\/pages"}],"about":[{"href":"https:\/\/unpoildemotion.fr\/index.php\/wp-json\/wp\/v2\/types\/page"}],"author":[{"embeddable":true,"href":"https:\/\/unpoildemotion.fr\/index.php\/wp-json\/wp\/v2\/users\/1"}],"replies":[{"embeddable":true,"href":"https:\/\/unpoildemotion.fr\/index.php\/wp-json\/wp\/v2\/comments?post=80"}],"version-history":[{"count":145,"href":"https:\/\/unpoildemotion.fr\/index.php\/wp-json\/wp\/v2\/pages\/80\/revisions"}],"predecessor-version":[{"id":1633,"href":"https:\/\/unpoildemotion.fr\/index.php\/wp-json\/wp\/v2\/pages\/80\/revisions\/1633"}],"wp:attachment":[{"href":"https:\/\/unpoildemotion.fr\/index.php\/wp-json\/wp\/v2\/media?parent=80"}],"curies":[{"name":"wp","href":"https:\/\/api.w.org\/{rel}","templated":true}]}}