{"id":731,"date":"2017-02-06T17:53:13","date_gmt":"2017-02-06T16:53:13","guid":{"rendered":"http:\/\/unpoildemotion.fr\/?page_id=731"},"modified":"2025-11-03T19:38:38","modified_gmt":"2025-11-03T18:38:38","slug":"ils-nous-ont-fait-confiance","status":"publish","type":"page","link":"https:\/\/unpoildemotion.fr\/index.php\/ils-nous-ont-fait-confiance\/","title":{"rendered":"Mes r\u00e9f\u00e9rences"},"content":{"rendered":"<p>[et_pb_section fb_built=\u00a0\u00bb1&Prime; admin_label=\u00a0\u00bbsection\u00a0\u00bb _builder_version=\u00a0\u00bb4.27.4&Prime; background_color=\u00a0\u00bbRGBA(255,255,255,0)\u00a0\u00bb hover_enabled=\u00a0\u00bb0&Prime; global_colors_info=\u00a0\u00bb{}\u00a0\u00bb title_text=\u00a0\u00bb95a55a9b-214a-4c9e-9623-6c80c7430a0d\u00a0\u00bb background_image=\u00a0\u00bbhttps:\/\/unpoildemotion.fr\/wp-content\/uploads\/2025\/10\/95a55a9b-214a-4c9e-9623-6c80c7430a0d.jpg\u00a0\u00bb sticky_enabled=\u00a0\u00bb0&Prime; custom_padding=\u00a0\u00bb153px||76px|||\u00a0\u00bb][et_pb_row column_structure=\u00a0\u00bb1_2,1_2&Prime; admin_label=\u00a0\u00bbrow\u00a0\u00bb _builder_version=\u00a0\u00bb4.19.5&Prime; background_color=\u00a0\u00bb#FFFFFF\u00a0\u00bb background_size=\u00a0\u00bbinitial\u00a0\u00bb background_position=\u00a0\u00bbtop_left\u00a0\u00bb background_repeat=\u00a0\u00bbrepeat\u00a0\u00bb animation_style=\u00a0\u00bbfade\u00a0\u00bb border_width_all=\u00a0\u00bb14px\u00a0\u00bb border_color_all=\u00a0\u00bb#FFFFFF\u00a0\u00bb box_shadow_style=\u00a0\u00bbpreset5&Prime; global_colors_info=\u00a0\u00bb{}\u00a0\u00bb custom_margin=\u00a0\u00bb-90px|auto||auto||\u00a0\u00bb custom_padding=\u00a0\u00bb46px||0px|||\u00a0\u00bb][et_pb_column type=\u00a0\u00bb1_2&Prime; _builder_version=\u00a0\u00bb4.16&Prime; custom_padding=\u00a0\u00bb|||\u00a0\u00bb global_colors_info=\u00a0\u00bb{}\u00a0\u00bb custom_padding__hover=\u00a0\u00bb|||\u00a0\u00bb][et_pb_text admin_label=\u00a0\u00bbTexte\u00a0\u00bb _builder_version=\u00a0\u00bb4.27.4&Prime; background_size=\u00a0\u00bbinitial\u00a0\u00bb background_position=\u00a0\u00bbtop_left\u00a0\u00bb background_repeat=\u00a0\u00bbrepeat\u00a0\u00bb hover_enabled=\u00a0\u00bb0&Prime; use_border_color=\u00a0\u00bboff\u00a0\u00bb border_color=\u00a0\u00bb#ffffff\u00a0\u00bb border_style=\u00a0\u00bbsolid\u00a0\u00bb global_colors_info=\u00a0\u00bb{}\u00a0\u00bb sticky_enabled=\u00a0\u00bb0&Prime;]<\/p>\n<p style=\"text-align: center;\"><span style=\"color: #ffffff;\"><img decoding=\"async\" loading=\"lazy\" src=\"https:\/\/unpoildemotion.fr\/wp-content\/uploads\/2025\/10\/R-300x91.png\" width=\"155\" height=\"47\" alt=\"\" class=\"wp-image-1530 alignnone size-medium\" style=\"float: left;\" \/><\/span><\/p>\n<h2><span style=\"color: #000000;\">Itep de Tressin<\/span><\/h2>\n<p style=\"text-align: center;\"><span style=\"color: #ffffff;\">\u00a0&#8230;&#8230;&#8230;&#8230;&#8230;<\/span><span style=\"font-size: 24px; text-align: left; color: #0000ff;\"><span style=\"font-size: 14pt;\"><span style=\"color: #000000;\"><\/span><\/span><\/span><\/p>\n<p><span style=\"font-size: 24px; text-align: left; color: #0000ff;\"><span style=\"font-size: 14pt;\"><span style=\"color: #000000;\"><a href=\"http:\/\/papillonsblancshazebrouck.org\/fr\/nos-etablissements-et-services\/petite-enfance-enfance-adolescence\/ime\/\" style=\"font-size: 18.6667px;\"><img decoding=\"async\" loading=\"lazy\" src=\"https:\/\/unpoildemotion.fr\/wp-content\/uploads\/2024\/06\/OIP-300x247.jpg\" width=\"108\" height=\"89\" alt=\"\" class=\"wp-image-1467 alignnone size-medium\" style=\"float: left;\" srcset=\"https:\/\/unpoildemotion.fr\/wp-content\/uploads\/2024\/06\/OIP-300x247.jpg 300w, https:\/\/unpoildemotion.fr\/wp-content\/uploads\/2024\/06\/OIP.jpg 474w\" sizes=\"(max-width: 108px) 100vw, 108px\" \/><\/a><a href=\"http:\/\/papillonsblancshazebrouck.org\/fr\/nos-etablissements-et-services\/petite-enfance-enfance-adolescence\/ime\/\"> <\/a><\/span><\/span><\/span><\/p>\n<p><span style=\"font-size: 24px; text-align: left; color: #0000ff;\"><span style=\"font-size: 14pt;\"><span style=\"color: #000000;\"><\/span><\/span><\/span><\/p>\n<p><span style=\"font-size: 24px; text-align: left; color: #0000ff;\"><span style=\"font-size: 14pt;\"><span style=\"color: #000000;\">L&rsquo;association temps de vie<\/span><span style=\"color: #000000;\">\u00a0<\/span><\/span><\/span><span style=\"text-align: left; color: #000000; font-size: 14pt;\">\u00e0 Lille<\/span><\/p>\n<p><span style=\"text-align: left; color: #000000; font-size: 14pt;\"><\/span><\/p>\n<p><span style=\"text-align: left; color: #000000; font-size: 14pt;\"><\/span><\/p>\n<p><span style=\"text-align: left; color: #000000; font-size: 14pt;\"><\/span><\/p>\n<p><span style=\"text-align: left; color: #000000; font-size: 14pt;\"><\/span><\/p>\n<p><span style=\"text-align: left; color: #000000; font-size: 14pt;\"><\/span><\/p>\n<p><span style=\"color: #000000; font-size: large;\">Programme de reussite \u00e9ducative d&rsquo;Henin Beaumont<\/span><\/p>\n<p>[\/et_pb_text][\/et_pb_column][et_pb_column type=\u00a0\u00bb1_2&Prime; _builder_version=\u00a0\u00bb4.16&Prime; custom_padding=\u00a0\u00bb|||\u00a0\u00bb global_colors_info=\u00a0\u00bb{}\u00a0\u00bb custom_padding__hover=\u00a0\u00bb|||\u00a0\u00bb][et_pb_text admin_label=\u00a0\u00bbTexte\u00a0\u00bb _builder_version=\u00a0\u00bb4.19.5&Prime; background_size=\u00a0\u00bbinitial\u00a0\u00bb background_position=\u00a0\u00bbtop_left\u00a0\u00bb background_repeat=\u00a0\u00bbrepeat\u00a0\u00bb use_border_color=\u00a0\u00bboff\u00a0\u00bb border_color=\u00a0\u00bb#ffffff\u00a0\u00bb border_style=\u00a0\u00bbsolid\u00a0\u00bb global_colors_info=\u00a0\u00bb{}\u00a0\u00bb custom_padding=\u00a0\u00bb0px|||||\u00a0\u00bb]<\/p>\n<p>&nbsp;<\/p>\n<p><span style=\"color: #000000; font-size: 14pt;\"><a href=\"http:\/\/papillonsblancshazebrouck.org\/fr\/nos-etablissements-et-services\/petite-enfance-enfance-adolescence\/sessd\/\"><img decoding=\"async\" loading=\"lazy\" src=\"https:\/\/unpoildemotion.fr\/wp-content\/uploads\/2024\/06\/R-300x159.jpg\" width=\"142\" height=\"75\" alt=\"\" class=\"wp-image-1468 alignnone size-medium\" srcset=\"https:\/\/unpoildemotion.fr\/wp-content\/uploads\/2024\/06\/R-300x159.jpg 300w, https:\/\/unpoildemotion.fr\/wp-content\/uploads\/2024\/06\/R.jpg 335w\" sizes=\"(max-width: 142px) 100vw, 142px\" \/><\/a> Ehpad Dronsart \u00e0 Bouchain<\/span><\/p>\n<p><span style=\"color: #000000; font-size: 14pt;\"><\/span><\/p>\n<p><span style=\"color: #000000; font-size: 14pt;\"><\/span><\/p>\n<p><span style=\"color: #000000; font-size: 14pt;\"><\/span><\/p>\n<p><span style=\"color: #000000; font-size: 14pt;\"><\/span><\/p>\n<p><span style=\"color: #000000; font-size: 14pt;\"><\/span><\/p>\n<p><span style=\"color: #000000; font-size: 14pt;\"><a href=\"https:\/\/www.lasauvegardedunord.fr\/etablissements\/itep-flandre-sessad\/\"><img decoding=\"async\" loading=\"lazy\" src=\"https:\/\/unpoildemotion.fr\/wp-content\/uploads\/2024\/06\/OIP-1.jpg\" width=\"54\" height=\"54\" alt=\"\" class=\"wp-image-1470 alignnone size-full\" srcset=\"https:\/\/unpoildemotion.fr\/wp-content\/uploads\/2024\/06\/OIP-1.jpg 242w, https:\/\/unpoildemotion.fr\/wp-content\/uploads\/2024\/06\/OIP-1-150x150.jpg 150w\" sizes=\"(max-width: 54px) 100vw, 54px\" \/>\u00a0<\/a>Association Mieux Vivre \u00e0 Escaudain<\/span><\/p>\n<p><span style=\"color: #000000; font-size: 14pt;\"><\/span><\/p>\n<p><span style=\"color: #000000; font-size: 14pt;\"><\/span><\/p>\n<p><span style=\"color: #000000; font-size: 14pt;\"><\/span><\/p>\n<p><span style=\"color: #000000; font-size: 14pt;\"><\/span><\/p>\n<p><span style=\"color: #000000; font-size: 14pt;\"><a href=\"http:\/\/chasse-royale-valenciennes.savoirsnumeriques5962.fr\/\"><img decoding=\"async\" loading=\"lazy\" src=\"https:\/\/unpoildemotion.fr\/wp-content\/uploads\/2024\/06\/moutchachous-300x300.jpg\" width=\"87\" height=\"87\" alt=\"\" class=\"wp-image-1471 alignnone size-medium\" \/><\/a> Gap les Moutatchous \u00e0 Valenciennes<\/span><\/p>\n<p><span style=\"color: #000000; font-size: 14pt;\"><\/span><\/p>\n<p><span style=\"color: #000000; font-size: 14pt;\"><\/span><\/p>\n<p><span style=\"color: #000000; font-size: 14pt;\"><\/span><\/p>\n<p><span style=\"color: #000000; font-size: 14pt;\"><\/span><\/p>\n<p><span style=\"color: #000000; font-size: 14pt;\"><\/span><\/p>\n<p><span style=\"color: #000000; font-size: 14pt;\"><img decoding=\"async\" loading=\"lazy\" src=\"https:\/\/unpoildemotion.fr\/wp-content\/uploads\/2024\/06\/logo-chcambrai.png\" width=\"166\" height=\"53\" alt=\"\" class=\"wp-image-1472 alignnone size-full\" \/> Le passage \u00e0 Cambrai<\/span><\/p>\n<p>&nbsp;<\/p>\n<p>[\/et_pb_text][\/et_pb_column][\/et_pb_row][\/et_pb_section]<\/p>\n","protected":false},"excerpt":{"rendered":"<p>Itep de Tressin \u00a0&#8230;&#8230;&#8230;&#8230;&#8230; L&rsquo;association temps de vie\u00a0\u00e0 Lille Programme de reussite \u00e9ducative d&rsquo;Henin Beaumont&nbsp; Ehpad Dronsart \u00e0 Bouchain \u00a0Association Mieux Vivre \u00e0 Escaudain Gap les Moutatchous \u00e0 Valenciennes Le passage \u00e0 Cambrai &nbsp;<\/p>\n","protected":false},"author":1,"featured_media":0,"parent":0,"menu_order":0,"comment_status":"closed","ping_status":"closed","template":"","meta":{"_et_pb_use_builder":"on","_et_pb_old_content":"<p style=\"text-align: center;\"><span style=\"color: #000000; font-size: 14pt;\">Le SESSAD de Dunkerque\u00a0<\/span><\/p><p style=\"text-align: center;\"><span style=\"color: #000000; font-size: 14pt;\">L'IME les lurons \u00e0 Hazebrouck<\/span><\/p><p style=\"text-align: center;\"><span style=\"color: #000000; font-size: 14pt;\">La maison de retraite Korian - Les marquises<\/span><\/p>","_et_gb_content_width":""},"yoast_head":"<!-- This site is optimized with the Yoast SEO plugin v20.4 - https:\/\/yoast.com\/wordpress\/plugins\/seo\/ -->\n<title>Mes r\u00e9f\u00e9rences - un poil d&#039;\u00e9motion<\/title>\n<meta name=\"robots\" content=\"index, follow, max-snippet:-1, max-image-preview:large, max-video-preview:-1\" \/>\n<link rel=\"canonical\" href=\"https:\/\/unpoildemotion.fr\/index.php\/ils-nous-ont-fait-confiance\/\" \/>\n<meta property=\"og:locale\" content=\"fr_FR\" \/>\n<meta property=\"og:type\" content=\"article\" \/>\n<meta property=\"og:title\" content=\"Mes r\u00e9f\u00e9rences - un poil d&#039;\u00e9motion\" \/>\n<meta property=\"og:description\" content=\"Itep de Tressin \u00a0............... L&#039;association temps de vie\u00a0\u00e0 Lille Programme de reussite \u00e9ducative d&#039;Henin Beaumont&nbsp; Ehpad Dronsart \u00e0 Bouchain \u00a0Association Mieux Vivre \u00e0 Escaudain Gap les Moutatchous \u00e0 Valenciennes Le passage \u00e0 Cambrai &nbsp;\" \/>\n<meta property=\"og:url\" content=\"https:\/\/unpoildemotion.fr\/index.php\/ils-nous-ont-fait-confiance\/\" \/>\n<meta property=\"og:site_name\" content=\"un poil d&#039;\u00e9motion\" \/>\n<meta property=\"article:modified_time\" content=\"2025-11-03T18:38:38+00:00\" \/>\n<meta property=\"og:image\" content=\"https:\/\/unpoildemotion.fr\/wp-content\/uploads\/2025\/10\/R-300x91.png\" \/>\n<meta name=\"twitter:card\" content=\"summary_large_image\" \/>\n<meta name=\"twitter:label1\" content=\"Dur\u00e9e de lecture estim\u00e9e\" \/>\n\t<meta name=\"twitter:data1\" content=\"1 minute\" \/>\n<script type=\"application\/ld+json\" class=\"yoast-schema-graph\">{\"@context\":\"https:\/\/schema.org\",\"@graph\":[{\"@type\":\"WebPage\",\"@id\":\"https:\/\/unpoildemotion.fr\/index.php\/ils-nous-ont-fait-confiance\/\",\"url\":\"https:\/\/unpoildemotion.fr\/index.php\/ils-nous-ont-fait-confiance\/\",\"name\":\"Mes r\u00e9f\u00e9rences - un poil d&#039;\u00e9motion\",\"isPartOf\":{\"@id\":\"https:\/\/unpoildemotion.fr\/#website\"},\"datePublished\":\"2017-02-06T16:53:13+00:00\",\"dateModified\":\"2025-11-03T18:38:38+00:00\",\"breadcrumb\":{\"@id\":\"https:\/\/unpoildemotion.fr\/index.php\/ils-nous-ont-fait-confiance\/#breadcrumb\"},\"inLanguage\":\"fr-FR\",\"potentialAction\":[{\"@type\":\"ReadAction\",\"target\":[\"https:\/\/unpoildemotion.fr\/index.php\/ils-nous-ont-fait-confiance\/\"]}]},{\"@type\":\"BreadcrumbList\",\"@id\":\"https:\/\/unpoildemotion.fr\/index.php\/ils-nous-ont-fait-confiance\/#breadcrumb\",\"itemListElement\":[{\"@type\":\"ListItem\",\"position\":1,\"name\":\"Accueil\",\"item\":\"https:\/\/unpoildemotion.fr\/\"},{\"@type\":\"ListItem\",\"position\":2,\"name\":\"Mes r\u00e9f\u00e9rences\"}]},{\"@type\":\"WebSite\",\"@id\":\"https:\/\/unpoildemotion.fr\/#website\",\"url\":\"https:\/\/unpoildemotion.fr\/\",\"name\":\"un poil d&#039;\u00e9motion\",\"description\":\"le bien-\u00eatre par l&#039;animal\",\"publisher\":{\"@id\":\"https:\/\/unpoildemotion.fr\/#\/schema\/person\/492b22c9db13b2c944912056d80be19a\"},\"potentialAction\":[{\"@type\":\"SearchAction\",\"target\":{\"@type\":\"EntryPoint\",\"urlTemplate\":\"https:\/\/unpoildemotion.fr\/?s={search_term_string}\"},\"query-input\":\"required name=search_term_string\"}],\"inLanguage\":\"fr-FR\"},{\"@type\":[\"Person\",\"Organization\"],\"@id\":\"https:\/\/unpoildemotion.fr\/#\/schema\/person\/492b22c9db13b2c944912056d80be19a\",\"name\":\"perrine delecourt\",\"logo\":{\"@id\":\"https:\/\/unpoildemotion.fr\/#\/schema\/person\/image\/\"}}]}<\/script>\n<!-- \/ Yoast SEO plugin. -->","yoast_head_json":{"title":"Mes r\u00e9f\u00e9rences - un poil d&#039;\u00e9motion","robots":{"index":"index","follow":"follow","max-snippet":"max-snippet:-1","max-image-preview":"max-image-preview:large","max-video-preview":"max-video-preview:-1"},"canonical":"https:\/\/unpoildemotion.fr\/index.php\/ils-nous-ont-fait-confiance\/","og_locale":"fr_FR","og_type":"article","og_title":"Mes r\u00e9f\u00e9rences - un poil d&#039;\u00e9motion","og_description":"Itep de Tressin \u00a0............... L'association temps de vie\u00a0\u00e0 Lille Programme de reussite \u00e9ducative d'Henin Beaumont&nbsp; Ehpad Dronsart \u00e0 Bouchain \u00a0Association Mieux Vivre \u00e0 Escaudain Gap les Moutatchous \u00e0 Valenciennes Le passage \u00e0 Cambrai &nbsp;","og_url":"https:\/\/unpoildemotion.fr\/index.php\/ils-nous-ont-fait-confiance\/","og_site_name":"un poil d&#039;\u00e9motion","article_modified_time":"2025-11-03T18:38:38+00:00","og_image":[{"url":"https:\/\/unpoildemotion.fr\/wp-content\/uploads\/2025\/10\/R-300x91.png"}],"twitter_card":"summary_large_image","twitter_misc":{"Dur\u00e9e de lecture estim\u00e9e":"1 minute"},"schema":{"@context":"https:\/\/schema.org","@graph":[{"@type":"WebPage","@id":"https:\/\/unpoildemotion.fr\/index.php\/ils-nous-ont-fait-confiance\/","url":"https:\/\/unpoildemotion.fr\/index.php\/ils-nous-ont-fait-confiance\/","name":"Mes r\u00e9f\u00e9rences - un poil d&#039;\u00e9motion","isPartOf":{"@id":"https:\/\/unpoildemotion.fr\/#website"},"datePublished":"2017-02-06T16:53:13+00:00","dateModified":"2025-11-03T18:38:38+00:00","breadcrumb":{"@id":"https:\/\/unpoildemotion.fr\/index.php\/ils-nous-ont-fait-confiance\/#breadcrumb"},"inLanguage":"fr-FR","potentialAction":[{"@type":"ReadAction","target":["https:\/\/unpoildemotion.fr\/index.php\/ils-nous-ont-fait-confiance\/"]}]},{"@type":"BreadcrumbList","@id":"https:\/\/unpoildemotion.fr\/index.php\/ils-nous-ont-fait-confiance\/#breadcrumb","itemListElement":[{"@type":"ListItem","position":1,"name":"Accueil","item":"https:\/\/unpoildemotion.fr\/"},{"@type":"ListItem","position":2,"name":"Mes r\u00e9f\u00e9rences"}]},{"@type":"WebSite","@id":"https:\/\/unpoildemotion.fr\/#website","url":"https:\/\/unpoildemotion.fr\/","name":"un poil d&#039;\u00e9motion","description":"le bien-\u00eatre par l&#039;animal","publisher":{"@id":"https:\/\/unpoildemotion.fr\/#\/schema\/person\/492b22c9db13b2c944912056d80be19a"},"potentialAction":[{"@type":"SearchAction","target":{"@type":"EntryPoint","urlTemplate":"https:\/\/unpoildemotion.fr\/?s={search_term_string}"},"query-input":"required name=search_term_string"}],"inLanguage":"fr-FR"},{"@type":["Person","Organization"],"@id":"https:\/\/unpoildemotion.fr\/#\/schema\/person\/492b22c9db13b2c944912056d80be19a","name":"perrine delecourt","logo":{"@id":"https:\/\/unpoildemotion.fr\/#\/schema\/person\/image\/"}}]}},"_links":{"self":[{"href":"https:\/\/unpoildemotion.fr\/index.php\/wp-json\/wp\/v2\/pages\/731"}],"collection":[{"href":"https:\/\/unpoildemotion.fr\/index.php\/wp-json\/wp\/v2\/pages"}],"about":[{"href":"https:\/\/unpoildemotion.fr\/index.php\/wp-json\/wp\/v2\/types\/page"}],"author":[{"embeddable":true,"href":"https:\/\/unpoildemotion.fr\/index.php\/wp-json\/wp\/v2\/users\/1"}],"replies":[{"embeddable":true,"href":"https:\/\/unpoildemotion.fr\/index.php\/wp-json\/wp\/v2\/comments?post=731"}],"version-history":[{"count":36,"href":"https:\/\/unpoildemotion.fr\/index.php\/wp-json\/wp\/v2\/pages\/731\/revisions"}],"predecessor-version":[{"id":1650,"href":"https:\/\/unpoildemotion.fr\/index.php\/wp-json\/wp\/v2\/pages\/731\/revisions\/1650"}],"wp:attachment":[{"href":"https:\/\/unpoildemotion.fr\/index.php\/wp-json\/wp\/v2\/media?parent=731"}],"curies":[{"name":"wp","href":"https:\/\/api.w.org\/{rel}","templated":true}]}}