{"id":647,"date":"2016-11-06T21:04:15","date_gmt":"2016-11-06T20:04:15","guid":{"rendered":"http:\/\/unpoildemotion.fr\/?page_id=647"},"modified":"2025-11-03T19:35:43","modified_gmt":"2025-11-03T18:35:43","slug":"seance-a-objectifs","status":"publish","type":"page","link":"https:\/\/unpoildemotion.fr\/index.php\/seance-a-objectifs\/","title":{"rendered":"s\u00e9ance \u00e0 objectifs"},"content":{"rendered":"<p>[et_pb_section fb_built=\u00a0\u00bb1&Prime; admin_label=\u00a0\u00bbsection\u00a0\u00bb _builder_version=\u00a0\u00bb4.27.4&Prime; background_color=\u00a0\u00bbRGBA(255,255,255,0)\u00a0\u00bb hover_enabled=\u00a0\u00bb0&Prime; global_colors_info=\u00a0\u00bb{}\u00a0\u00bb title_text=\u00a0\u00bb95a55a9b-214a-4c9e-9623-6c80c7430a0d\u00a0\u00bb background_image=\u00a0\u00bbhttps:\/\/unpoildemotion.fr\/wp-content\/uploads\/2025\/10\/95a55a9b-214a-4c9e-9623-6c80c7430a0d.jpg\u00a0\u00bb sticky_enabled=\u00a0\u00bb0&Prime; custom_padding=\u00a0\u00bb57px||90px|||\u00a0\u00bb][et_pb_row column_structure=\u00a0\u00bb2_3,1_3&Prime; admin_label=\u00a0\u00bbrow\u00a0\u00bb _builder_version=\u00a0\u00bb4.19.5&Prime; background_color=\u00a0\u00bb#FFFFFF\u00a0\u00bb background_size=\u00a0\u00bbinitial\u00a0\u00bb background_position=\u00a0\u00bbtop_left\u00a0\u00bb background_repeat=\u00a0\u00bbrepeat\u00a0\u00bb animation_style=\u00a0\u00bbfade\u00a0\u00bb border_width_all=\u00a0\u00bb12px\u00a0\u00bb border_color_all=\u00a0\u00bb#FFFFFF\u00a0\u00bb box_shadow_style=\u00a0\u00bbpreset5&Prime; global_colors_info=\u00a0\u00bb{}\u00a0\u00bb custom_margin=\u00a0\u00bb-1px|auto|-9px|auto||\u00a0\u00bb min_height=\u00a0\u00bb849.4px\u00a0\u00bb custom_padding=\u00a0\u00bb||0px|||\u00a0\u00bb][et_pb_column type=\u00a0\u00bb2_3&Prime; _builder_version=\u00a0\u00bb4.16&Prime; custom_padding=\u00a0\u00bb|||\u00a0\u00bb animation_style=\u00a0\u00bbfade\u00a0\u00bb global_colors_info=\u00a0\u00bb{}\u00a0\u00bb custom_padding__hover=\u00a0\u00bb|||\u00a0\u00bb][\/et_pb_column][et_pb_column type=\u00a0\u00bb1_3&Prime; _builder_version=\u00a0\u00bb4.16&Prime; custom_padding=\u00a0\u00bb|||\u00a0\u00bb global_colors_info=\u00a0\u00bb{}\u00a0\u00bb custom_padding__hover=\u00a0\u00bb|||\u00a0\u00bb][et_pb_image src=\u00a0\u00bbhttps:\/\/unpoildemotion.fr\/wp-content\/uploads\/2024\/06\/Jaiko-et-David-5.png\u00a0\u00bb title_text=\u00a0\u00bbJa\u00efko et David (5)\u00a0\u00bb align_tablet=\u00a0\u00bbcenter\u00a0\u00bb align_phone=\u00a0\u00bb\u00a0\u00bb align_last_edited=\u00a0\u00bbon|desktop\u00a0\u00bb admin_label=\u00a0\u00bbImage\u00a0\u00bb _builder_version=\u00a0\u00bb4.19.5&Prime; custom_margin=\u00a0\u00bb-169px||15px|||\u00a0\u00bb animation_style=\u00a0\u00bbslide\u00a0\u00bb animation_direction=\u00a0\u00bbleft\u00a0\u00bb animation_duration=\u00a0\u00bb500ms\u00a0\u00bb animation_intensity_slide=\u00a0\u00bb10%\u00a0\u00bb animation=\u00a0\u00bbleft\u00a0\u00bb sticky=\u00a0\u00bboff\u00a0\u00bb use_border_color=\u00a0\u00bboff\u00a0\u00bb border_color=\u00a0\u00bb#ffffff\u00a0\u00bb border_style=\u00a0\u00bbsolid\u00a0\u00bb always_center_on_mobile=\u00a0\u00bbon\u00a0\u00bb global_colors_info=\u00a0\u00bb{}\u00a0\u00bb custom_padding=\u00a0\u00bb0px|||||\u00a0\u00bb min_height=\u00a0\u00bb304.4px\u00a0\u00bb] [\/et_pb_image][et_pb_text admin_label=\u00a0\u00bbTexte\u00a0\u00bb _builder_version=\u00a0\u00bb4.16&Prime; text_font=\u00a0\u00bbCourgette||||||||\u00a0\u00bb header_font=\u00a0\u00bbLeckerli One||||\u00a0\u00bb background_size=\u00a0\u00bbinitial\u00a0\u00bb background_position=\u00a0\u00bbtop_left\u00a0\u00bb background_repeat=\u00a0\u00bbrepeat\u00a0\u00bb use_border_color=\u00a0\u00bboff\u00a0\u00bb border_color=\u00a0\u00bb#ffffff\u00a0\u00bb border_style=\u00a0\u00bbsolid\u00a0\u00bb global_colors_info=\u00a0\u00bb{}\u00a0\u00bb]<\/p>\n<h1 style=\"text-align: center;\"><\/h1>\n<p>\u00a0<span style=\"color: #000000; font-size: 14pt;\">Elles sont <strong>th\u00e9rapeutiques, \u00e9ducatives et p\u00e9dagogiques,\u00a0sociales<\/strong> ou dans le domaine de la recherche. Elles\u00a0m\u00e8nent\u00a0obligatoirement \u00e0 des <strong>objectifs individuels<\/strong>. exemples\u00a0d&rsquo;objectifs\u00a0:<strong> estime de soi, travail de la\u00a0motricit\u00e9 fine, stimuler la m\u00e9moire, transfert de geste,\u00a0avoir des rep\u00e8res spatio-temporels , favoriser les\u00a0interactions \u2026\u00a0<\/strong><\/span><\/p>\n<p>[\/et_pb_text][\/et_pb_column][\/et_pb_row][\/et_pb_section]<\/p>\n","protected":false},"excerpt":{"rendered":"<p>\u00a0Elles sont th\u00e9rapeutiques, \u00e9ducatives et p\u00e9dagogiques,\u00a0sociales ou dans le domaine de la recherche. Elles\u00a0m\u00e8nent\u00a0obligatoirement \u00e0 des objectifs individuels. exemples\u00a0d&rsquo;objectifs\u00a0: estime de soi, travail de la\u00a0motricit\u00e9 fine, stimuler la m\u00e9moire, transfert de geste,\u00a0avoir des rep\u00e8res spatio-temporels , favoriser les\u00a0interactions \u2026\u00a0<\/p>\n","protected":false},"author":1,"featured_media":0,"parent":0,"menu_order":0,"comment_status":"closed","ping_status":"closed","template":"","meta":{"_et_pb_use_builder":"on","_et_pb_old_content":"","_et_gb_content_width":""},"yoast_head":"<!-- This site is optimized with the Yoast SEO plugin v20.4 - https:\/\/yoast.com\/wordpress\/plugins\/seo\/ -->\n<title>s\u00e9ance \u00e0 objectifs - un poil d&#039;\u00e9motion<\/title>\n<meta name=\"robots\" content=\"index, follow, max-snippet:-1, max-image-preview:large, max-video-preview:-1\" \/>\n<link rel=\"canonical\" href=\"https:\/\/unpoildemotion.fr\/index.php\/seance-a-objectifs\/\" \/>\n<meta property=\"og:locale\" content=\"fr_FR\" \/>\n<meta property=\"og:type\" content=\"article\" \/>\n<meta property=\"og:title\" content=\"s\u00e9ance \u00e0 objectifs - un poil d&#039;\u00e9motion\" \/>\n<meta property=\"og:description\" content=\"\u00a0Elles sont th\u00e9rapeutiques, \u00e9ducatives et p\u00e9dagogiques,\u00a0sociales ou dans le domaine de la recherche. Elles\u00a0m\u00e8nent\u00a0obligatoirement \u00e0 des objectifs individuels. exemples\u00a0d&#039;objectifs\u00a0: estime de soi, travail de la\u00a0motricit\u00e9 fine, stimuler la m\u00e9moire, transfert de geste,\u00a0avoir des rep\u00e8res spatio-temporels , favoriser les\u00a0interactions \u2026\u00a0\" \/>\n<meta property=\"og:url\" content=\"https:\/\/unpoildemotion.fr\/index.php\/seance-a-objectifs\/\" \/>\n<meta property=\"og:site_name\" content=\"un poil d&#039;\u00e9motion\" \/>\n<meta property=\"article:modified_time\" content=\"2025-11-03T18:35:43+00:00\" \/>\n<meta name=\"twitter:card\" content=\"summary_large_image\" \/>\n<meta name=\"twitter:label1\" content=\"Dur\u00e9e de lecture estim\u00e9e\" \/>\n\t<meta name=\"twitter:data1\" content=\"2 minutes\" \/>\n<script type=\"application\/ld+json\" class=\"yoast-schema-graph\">{\"@context\":\"https:\/\/schema.org\",\"@graph\":[{\"@type\":\"WebPage\",\"@id\":\"https:\/\/unpoildemotion.fr\/index.php\/seance-a-objectifs\/\",\"url\":\"https:\/\/unpoildemotion.fr\/index.php\/seance-a-objectifs\/\",\"name\":\"s\u00e9ance \u00e0 objectifs - un poil d&#039;\u00e9motion\",\"isPartOf\":{\"@id\":\"https:\/\/unpoildemotion.fr\/#website\"},\"datePublished\":\"2016-11-06T20:04:15+00:00\",\"dateModified\":\"2025-11-03T18:35:43+00:00\",\"breadcrumb\":{\"@id\":\"https:\/\/unpoildemotion.fr\/index.php\/seance-a-objectifs\/#breadcrumb\"},\"inLanguage\":\"fr-FR\",\"potentialAction\":[{\"@type\":\"ReadAction\",\"target\":[\"https:\/\/unpoildemotion.fr\/index.php\/seance-a-objectifs\/\"]}]},{\"@type\":\"BreadcrumbList\",\"@id\":\"https:\/\/unpoildemotion.fr\/index.php\/seance-a-objectifs\/#breadcrumb\",\"itemListElement\":[{\"@type\":\"ListItem\",\"position\":1,\"name\":\"Accueil\",\"item\":\"https:\/\/unpoildemotion.fr\/\"},{\"@type\":\"ListItem\",\"position\":2,\"name\":\"s\u00e9ance \u00e0 objectifs\"}]},{\"@type\":\"WebSite\",\"@id\":\"https:\/\/unpoildemotion.fr\/#website\",\"url\":\"https:\/\/unpoildemotion.fr\/\",\"name\":\"un poil d&#039;\u00e9motion\",\"description\":\"le bien-\u00eatre par l&#039;animal\",\"publisher\":{\"@id\":\"https:\/\/unpoildemotion.fr\/#\/schema\/person\/492b22c9db13b2c944912056d80be19a\"},\"potentialAction\":[{\"@type\":\"SearchAction\",\"target\":{\"@type\":\"EntryPoint\",\"urlTemplate\":\"https:\/\/unpoildemotion.fr\/?s={search_term_string}\"},\"query-input\":\"required name=search_term_string\"}],\"inLanguage\":\"fr-FR\"},{\"@type\":[\"Person\",\"Organization\"],\"@id\":\"https:\/\/unpoildemotion.fr\/#\/schema\/person\/492b22c9db13b2c944912056d80be19a\",\"name\":\"perrine delecourt\",\"logo\":{\"@id\":\"https:\/\/unpoildemotion.fr\/#\/schema\/person\/image\/\"}}]}<\/script>\n<!-- \/ Yoast SEO plugin. -->","yoast_head_json":{"title":"s\u00e9ance \u00e0 objectifs - un poil d&#039;\u00e9motion","robots":{"index":"index","follow":"follow","max-snippet":"max-snippet:-1","max-image-preview":"max-image-preview:large","max-video-preview":"max-video-preview:-1"},"canonical":"https:\/\/unpoildemotion.fr\/index.php\/seance-a-objectifs\/","og_locale":"fr_FR","og_type":"article","og_title":"s\u00e9ance \u00e0 objectifs - un poil d&#039;\u00e9motion","og_description":"\u00a0Elles sont th\u00e9rapeutiques, \u00e9ducatives et p\u00e9dagogiques,\u00a0sociales ou dans le domaine de la recherche. Elles\u00a0m\u00e8nent\u00a0obligatoirement \u00e0 des objectifs individuels. exemples\u00a0d'objectifs\u00a0: estime de soi, travail de la\u00a0motricit\u00e9 fine, stimuler la m\u00e9moire, transfert de geste,\u00a0avoir des rep\u00e8res spatio-temporels , favoriser les\u00a0interactions \u2026\u00a0","og_url":"https:\/\/unpoildemotion.fr\/index.php\/seance-a-objectifs\/","og_site_name":"un poil d&#039;\u00e9motion","article_modified_time":"2025-11-03T18:35:43+00:00","twitter_card":"summary_large_image","twitter_misc":{"Dur\u00e9e de lecture estim\u00e9e":"2 minutes"},"schema":{"@context":"https:\/\/schema.org","@graph":[{"@type":"WebPage","@id":"https:\/\/unpoildemotion.fr\/index.php\/seance-a-objectifs\/","url":"https:\/\/unpoildemotion.fr\/index.php\/seance-a-objectifs\/","name":"s\u00e9ance \u00e0 objectifs - un poil d&#039;\u00e9motion","isPartOf":{"@id":"https:\/\/unpoildemotion.fr\/#website"},"datePublished":"2016-11-06T20:04:15+00:00","dateModified":"2025-11-03T18:35:43+00:00","breadcrumb":{"@id":"https:\/\/unpoildemotion.fr\/index.php\/seance-a-objectifs\/#breadcrumb"},"inLanguage":"fr-FR","potentialAction":[{"@type":"ReadAction","target":["https:\/\/unpoildemotion.fr\/index.php\/seance-a-objectifs\/"]}]},{"@type":"BreadcrumbList","@id":"https:\/\/unpoildemotion.fr\/index.php\/seance-a-objectifs\/#breadcrumb","itemListElement":[{"@type":"ListItem","position":1,"name":"Accueil","item":"https:\/\/unpoildemotion.fr\/"},{"@type":"ListItem","position":2,"name":"s\u00e9ance \u00e0 objectifs"}]},{"@type":"WebSite","@id":"https:\/\/unpoildemotion.fr\/#website","url":"https:\/\/unpoildemotion.fr\/","name":"un poil d&#039;\u00e9motion","description":"le bien-\u00eatre par l&#039;animal","publisher":{"@id":"https:\/\/unpoildemotion.fr\/#\/schema\/person\/492b22c9db13b2c944912056d80be19a"},"potentialAction":[{"@type":"SearchAction","target":{"@type":"EntryPoint","urlTemplate":"https:\/\/unpoildemotion.fr\/?s={search_term_string}"},"query-input":"required name=search_term_string"}],"inLanguage":"fr-FR"},{"@type":["Person","Organization"],"@id":"https:\/\/unpoildemotion.fr\/#\/schema\/person\/492b22c9db13b2c944912056d80be19a","name":"perrine delecourt","logo":{"@id":"https:\/\/unpoildemotion.fr\/#\/schema\/person\/image\/"}}]}},"_links":{"self":[{"href":"https:\/\/unpoildemotion.fr\/index.php\/wp-json\/wp\/v2\/pages\/647"}],"collection":[{"href":"https:\/\/unpoildemotion.fr\/index.php\/wp-json\/wp\/v2\/pages"}],"about":[{"href":"https:\/\/unpoildemotion.fr\/index.php\/wp-json\/wp\/v2\/types\/page"}],"author":[{"embeddable":true,"href":"https:\/\/unpoildemotion.fr\/index.php\/wp-json\/wp\/v2\/users\/1"}],"replies":[{"embeddable":true,"href":"https:\/\/unpoildemotion.fr\/index.php\/wp-json\/wp\/v2\/comments?post=647"}],"version-history":[{"count":15,"href":"https:\/\/unpoildemotion.fr\/index.php\/wp-json\/wp\/v2\/pages\/647\/revisions"}],"predecessor-version":[{"id":1647,"href":"https:\/\/unpoildemotion.fr\/index.php\/wp-json\/wp\/v2\/pages\/647\/revisions\/1647"}],"wp:attachment":[{"href":"https:\/\/unpoildemotion.fr\/index.php\/wp-json\/wp\/v2\/media?parent=647"}],"curies":[{"name":"wp","href":"https:\/\/api.w.org\/{rel}","templated":true}]}}