{"id":620,"date":"2016-11-06T20:20:51","date_gmt":"2016-11-06T19:20:51","guid":{"rendered":"http:\/\/unpoildemotion.fr\/?page_id=620"},"modified":"2025-11-03T19:14:48","modified_gmt":"2025-11-03T18:14:48","slug":"le-chien","status":"publish","type":"page","link":"https:\/\/unpoildemotion.fr\/index.php\/le-chien\/","title":{"rendered":"Les chiens"},"content":{"rendered":"<p>[et_pb_section fb_built=\u00a0\u00bb1&Prime; admin_label=\u00a0\u00bbsection\u00a0\u00bb _builder_version=\u00a0\u00bb4.27.4&Prime; background_color=\u00a0\u00bbRGBA(255,255,255,0)\u00a0\u00bb custom_padding=\u00a0\u00bb||31px|||\u00a0\u00bb hover_enabled=\u00a0\u00bb0&Prime; global_colors_info=\u00a0\u00bb{}\u00a0\u00bb title_text=\u00a0\u00bb95a55a9b-214a-4c9e-9623-6c80c7430a0d\u00a0\u00bb background_image=\u00a0\u00bbhttps:\/\/unpoildemotion.fr\/wp-content\/uploads\/2025\/10\/95a55a9b-214a-4c9e-9623-6c80c7430a0d.jpg\u00a0\u00bb sticky_enabled=\u00a0\u00bb0&Prime;][et_pb_row column_structure=\u00a0\u00bb1_2,1_2&Prime; admin_label=\u00a0\u00bbrow\u00a0\u00bb _builder_version=\u00a0\u00bb4.27.4&Prime; background_size=\u00a0\u00bbinitial\u00a0\u00bb background_position=\u00a0\u00bbtop_left\u00a0\u00bb background_repeat=\u00a0\u00bbrepeat\u00a0\u00bb custom_padding=\u00a0\u00bb12px||0px|||\u00a0\u00bb animation_style=\u00a0\u00bbfade\u00a0\u00bb hover_enabled=\u00a0\u00bb0&Prime; box_shadow_style=\u00a0\u00bbpreset2&Prime; global_colors_info=\u00a0\u00bb{}\u00a0\u00bb sticky_enabled=\u00a0\u00bb0&Prime; custom_margin=\u00a0\u00bb|auto|-2px|auto||\u00a0\u00bb][et_pb_column type=\u00a0\u00bb1_2&Prime; _builder_version=\u00a0\u00bb4.16&Prime; custom_padding=\u00a0\u00bb|||\u00a0\u00bb global_colors_info=\u00a0\u00bb{}\u00a0\u00bb custom_padding__hover=\u00a0\u00bb|||\u00a0\u00bb][et_pb_image src=\u00a0\u00bbhttps:\/\/unpoildemotion.fr\/wp-content\/uploads\/2025\/10\/Jaiko-et-David.png\u00a0\u00bb title_text=\u00a0\u00bbJa\u00efko et David\u00a0\u00bb _builder_version=\u00a0\u00bb4.19.5&Prime; _module_preset=\u00a0\u00bbdefault\u00a0\u00bb border_width_all=\u00a0\u00bb12px\u00a0\u00bb border_color_all=\u00a0\u00bb#FFFFFF\u00a0\u00bb global_colors_info=\u00a0\u00bb{}\u00a0\u00bb][\/et_pb_image][\/et_pb_column][et_pb_column type=\u00a0\u00bb1_2&Prime; _builder_version=\u00a0\u00bb4.19.5&Prime; _module_preset=\u00a0\u00bbdefault\u00a0\u00bb global_colors_info=\u00a0\u00bb{}\u00a0\u00bb][et_pb_text _builder_version=\u00a0\u00bb4.19.5&Prime; _module_preset=\u00a0\u00bbdefault\u00a0\u00bb background_color=\u00a0\u00bb#FFFFFF\u00a0\u00bb border_width_all=\u00a0\u00bb7px\u00a0\u00bb border_color_all=\u00a0\u00bb#FFFFFF\u00a0\u00bb inline_fonts=\u00a0\u00bbCourgette\u00a0\u00bb global_colors_info=\u00a0\u00bb{}\u00a0\u00bb custom_margin=\u00a0\u00bb||-126px|||\u00a0\u00bb custom_padding=\u00a0\u00bb||0px|||\u00a0\u00bb min_height=\u00a0\u00bb358px\u00a0\u00bb]<\/p>\n<p><span style=\"color: #000000; font-family: Courgette;\"><span style=\"font-size: 18.6667px;\">Ushka est une berger Belge ou malinois n\u00e9e en 2023. Elle est dynamique et aime jouer. Avec elle vous vous amuserez aux lancer de balles, ou aux jeux de forces mais encore \u00e0 faire des parcours type agility.\u00a0<\/span><\/span><\/p>\n<p><span style=\"color: #000000; font-family: Courgette;\"><span style=\"font-size: 18.6667px;\"><\/span><\/span><\/p>\n<p><span style=\"color: #000000; font-family: Courgette;\"><span style=\"font-size: 18.6667px;\"><\/span><\/span><\/p>\n<p><span style=\"color: #000000; font-family: Courgette;\"><span style=\"font-size: 18.6667px;\"><\/span><\/span><\/p>\n<p><span style=\"color: #000000; font-family: Courgette;\"><span style=\"font-size: 18.6667px;\"><\/span><\/span><\/p>\n<p><span style=\"color: #000000; font-family: Courgette;\"><span style=\"font-size: 18.6667px;\"><\/span><\/span><\/p>\n<p><span style=\"color: #000000; font-family: Courgette;\"><span style=\"font-size: 18.6667px;\"><\/span><\/span><\/p>\n<p><span style=\"color: #000000; font-family: Courgette;\"><span style=\"font-size: 18.6667px;\"><\/span><\/span><\/p>\n<p><span style=\"color: #000000; font-family: Courgette;\"><span style=\"font-size: 18.6667px;\"><\/span><\/span><\/p>\n<p><span style=\"color: #000000; font-family: Courgette;\"><span style=\"font-size: 18.6667px;\"><\/span><\/span><\/p>\n<p><span style=\"color: #000000; font-family: Courgette;\"><span style=\"font-size: 18.6667px;\"><\/span><\/span><\/p>\n<p><span style=\"color: #000000; font-family: Courgette;\"><span style=\"font-size: 18.6667px;\"><\/span><\/span><\/p>\n<p><span style=\"color: #000000; font-family: Courgette;\"><span style=\"font-size: 18.6667px;\"><\/span><\/span><\/p>\n<p><span style=\"color: #000000; font-family: Courgette;\"><span style=\"font-size: 18.6667px;\"><\/span><\/span><\/p>\n<p><span style=\"color: #000000; font-family: Courgette;\"><span style=\"font-size: 18.6667px;\"><\/span><\/span><\/p>\n<p>[\/et_pb_text][\/et_pb_column][\/et_pb_row][et_pb_row column_structure=\u00a0\u00bb1_2,1_2&Prime; _builder_version=\u00a0\u00bb4.19.5&Prime; _module_preset=\u00a0\u00bbdefault\u00a0\u00bb box_shadow_style=\u00a0\u00bbpreset5&Prime; global_colors_info=\u00a0\u00bb{}\u00a0\u00bb custom_margin=\u00a0\u00bb-119px|auto|5px|auto||\u00a0\u00bb custom_padding=\u00a0\u00bb137px||0px|||\u00a0\u00bb][et_pb_column type=\u00a0\u00bb1_2&Prime; _builder_version=\u00a0\u00bb4.19.5&Prime; _module_preset=\u00a0\u00bbdefault\u00a0\u00bb global_colors_info=\u00a0\u00bb{}\u00a0\u00bb][et_pb_image src=\u00a0\u00bbhttps:\/\/unpoildemotion.fr\/wp-content\/uploads\/2024\/06\/Jaiko-et-David.png\u00a0\u00bb title_text=\u00a0\u00bbJa\u00efko et David\u00a0\u00bb _builder_version=\u00a0\u00bb4.19.5&Prime; _module_preset=\u00a0\u00bbdefault\u00a0\u00bb border_width_all=\u00a0\u00bb14px\u00a0\u00bb border_color_all=\u00a0\u00bb#FFFFFF\u00a0\u00bb global_colors_info=\u00a0\u00bb{}\u00a0\u00bb][\/et_pb_image][\/et_pb_column][et_pb_column type=\u00a0\u00bb1_2&Prime; _builder_version=\u00a0\u00bb4.19.5&Prime; _module_preset=\u00a0\u00bbdefault\u00a0\u00bb global_colors_info=\u00a0\u00bb{}\u00a0\u00bb][et_pb_text _builder_version=\u00a0\u00bb4.19.5&Prime; _module_preset=\u00a0\u00bbdefault\u00a0\u00bb background_color=\u00a0\u00bb#FFFFFF\u00a0\u00bb custom_padding=\u00a0\u00bb||0px|||\u00a0\u00bb border_width_all=\u00a0\u00bb7px\u00a0\u00bb border_color_all=\u00a0\u00bb#FFFFFF\u00a0\u00bb inline_fonts=\u00a0\u00bbCourgette\u00a0\u00bb global_colors_info=\u00a0\u00bb{}\u00a0\u00bb custom_margin=\u00a0\u00bb||2px|||\u00a0\u00bb]<\/p>\n<p><span style=\"color: #000000; font-size: 14pt; font-family: Courgette;\">Jackon est un husky crois\u00e9 avec un bull terrier n\u00e9 en 2014. C&rsquo;est un chien <strong>affectueux<\/strong> et joueur \u00e9galement. Avec lui les moments c\u00e2lins sont nombreux. Il adore que l&rsquo;on s&rsquo;occupe de lui et qu&rsquo;on le brosse. C&rsquo;est un peu le grand fr\u00e8re de notre \u00e9quipe car il est la force zen. Chien au grand coeur est pr\u00e9dispos\u00e9 \u00e0 \u00eatre un chien m\u00e9diateur il per\u00e7oit \u00e9normement les \u00e9motions qui l&rsquo;entoure. Jackson sait aussi se montrer joueur. Il adore les jeux de balles.<\/span><\/p>\n<p><span style=\"color: #000000; font-size: 14pt; font-family: Courgette;\"><\/span><\/p>\n<p><span style=\"color: #000000; font-size: 14pt; font-family: Courgette;\"><\/span><\/p>\n<p><span style=\"color: #000000; font-size: 14pt; font-family: Courgette;\"><\/span><\/p>\n<p><span style=\"color: #000000; font-size: 14pt; font-family: Courgette;\"><\/span><\/p>\n<p><span style=\"color: #000000; font-size: 14pt; font-family: Courgette;\"><\/span><\/p>\n<p>[\/et_pb_text][\/et_pb_column][\/et_pb_row][\/et_pb_section]<\/p>\n","protected":false},"excerpt":{"rendered":"<p>Ushka est une berger Belge ou malinois n\u00e9e en 2023. Elle est dynamique et aime jouer. Avec elle vous vous amuserez aux lancer de balles, ou aux jeux de forces mais encore \u00e0 faire des parcours type agility.\u00a0 Jackon est un husky crois\u00e9 avec un bull terrier n\u00e9 en 2014. C&rsquo;est un chien affectueux et [&hellip;]<\/p>\n","protected":false},"author":1,"featured_media":0,"parent":0,"menu_order":0,"comment_status":"closed","ping_status":"closed","template":"","meta":{"_et_pb_use_builder":"on","_et_pb_old_content":"","_et_gb_content_width":""},"yoast_head":"<!-- This site is optimized with the Yoast SEO plugin v20.4 - https:\/\/yoast.com\/wordpress\/plugins\/seo\/ -->\n<title>Les chiens - un poil d&#039;\u00e9motion<\/title>\n<meta name=\"robots\" content=\"index, follow, max-snippet:-1, max-image-preview:large, max-video-preview:-1\" \/>\n<link rel=\"canonical\" href=\"https:\/\/unpoildemotion.fr\/index.php\/le-chien\/\" \/>\n<meta property=\"og:locale\" content=\"fr_FR\" \/>\n<meta property=\"og:type\" content=\"article\" \/>\n<meta property=\"og:title\" content=\"Les chiens - un poil d&#039;\u00e9motion\" \/>\n<meta property=\"og:description\" content=\"Ushka est une berger Belge ou malinois n\u00e9e en 2023. Elle est dynamique et aime jouer. Avec elle vous vous amuserez aux lancer de balles, ou aux jeux de forces mais encore \u00e0 faire des parcours type agility.\u00a0 Jackon est un husky crois\u00e9 avec un bull terrier n\u00e9 en 2014. C&#039;est un chien affectueux et [&hellip;]\" \/>\n<meta property=\"og:url\" content=\"https:\/\/unpoildemotion.fr\/index.php\/le-chien\/\" \/>\n<meta property=\"og:site_name\" content=\"un poil d&#039;\u00e9motion\" \/>\n<meta property=\"article:modified_time\" content=\"2025-11-03T18:14:48+00:00\" \/>\n<meta name=\"twitter:card\" content=\"summary_large_image\" \/>\n<meta name=\"twitter:label1\" content=\"Dur\u00e9e de lecture estim\u00e9e\" \/>\n\t<meta name=\"twitter:data1\" content=\"2 minutes\" \/>\n<script type=\"application\/ld+json\" class=\"yoast-schema-graph\">{\"@context\":\"https:\/\/schema.org\",\"@graph\":[{\"@type\":\"WebPage\",\"@id\":\"https:\/\/unpoildemotion.fr\/index.php\/le-chien\/\",\"url\":\"https:\/\/unpoildemotion.fr\/index.php\/le-chien\/\",\"name\":\"Les chiens - un poil d&#039;\u00e9motion\",\"isPartOf\":{\"@id\":\"https:\/\/unpoildemotion.fr\/#website\"},\"datePublished\":\"2016-11-06T19:20:51+00:00\",\"dateModified\":\"2025-11-03T18:14:48+00:00\",\"breadcrumb\":{\"@id\":\"https:\/\/unpoildemotion.fr\/index.php\/le-chien\/#breadcrumb\"},\"inLanguage\":\"fr-FR\",\"potentialAction\":[{\"@type\":\"ReadAction\",\"target\":[\"https:\/\/unpoildemotion.fr\/index.php\/le-chien\/\"]}]},{\"@type\":\"BreadcrumbList\",\"@id\":\"https:\/\/unpoildemotion.fr\/index.php\/le-chien\/#breadcrumb\",\"itemListElement\":[{\"@type\":\"ListItem\",\"position\":1,\"name\":\"Accueil\",\"item\":\"https:\/\/unpoildemotion.fr\/\"},{\"@type\":\"ListItem\",\"position\":2,\"name\":\"Les chiens\"}]},{\"@type\":\"WebSite\",\"@id\":\"https:\/\/unpoildemotion.fr\/#website\",\"url\":\"https:\/\/unpoildemotion.fr\/\",\"name\":\"un poil d&#039;\u00e9motion\",\"description\":\"le bien-\u00eatre par l&#039;animal\",\"publisher\":{\"@id\":\"https:\/\/unpoildemotion.fr\/#\/schema\/person\/492b22c9db13b2c944912056d80be19a\"},\"potentialAction\":[{\"@type\":\"SearchAction\",\"target\":{\"@type\":\"EntryPoint\",\"urlTemplate\":\"https:\/\/unpoildemotion.fr\/?s={search_term_string}\"},\"query-input\":\"required name=search_term_string\"}],\"inLanguage\":\"fr-FR\"},{\"@type\":[\"Person\",\"Organization\"],\"@id\":\"https:\/\/unpoildemotion.fr\/#\/schema\/person\/492b22c9db13b2c944912056d80be19a\",\"name\":\"perrine delecourt\",\"logo\":{\"@id\":\"https:\/\/unpoildemotion.fr\/#\/schema\/person\/image\/\"}}]}<\/script>\n<!-- \/ Yoast SEO plugin. -->","yoast_head_json":{"title":"Les chiens - un poil d&#039;\u00e9motion","robots":{"index":"index","follow":"follow","max-snippet":"max-snippet:-1","max-image-preview":"max-image-preview:large","max-video-preview":"max-video-preview:-1"},"canonical":"https:\/\/unpoildemotion.fr\/index.php\/le-chien\/","og_locale":"fr_FR","og_type":"article","og_title":"Les chiens - un poil d&#039;\u00e9motion","og_description":"Ushka est une berger Belge ou malinois n\u00e9e en 2023. Elle est dynamique et aime jouer. Avec elle vous vous amuserez aux lancer de balles, ou aux jeux de forces mais encore \u00e0 faire des parcours type agility.\u00a0 Jackon est un husky crois\u00e9 avec un bull terrier n\u00e9 en 2014. C'est un chien affectueux et [&hellip;]","og_url":"https:\/\/unpoildemotion.fr\/index.php\/le-chien\/","og_site_name":"un poil d&#039;\u00e9motion","article_modified_time":"2025-11-03T18:14:48+00:00","twitter_card":"summary_large_image","twitter_misc":{"Dur\u00e9e de lecture estim\u00e9e":"2 minutes"},"schema":{"@context":"https:\/\/schema.org","@graph":[{"@type":"WebPage","@id":"https:\/\/unpoildemotion.fr\/index.php\/le-chien\/","url":"https:\/\/unpoildemotion.fr\/index.php\/le-chien\/","name":"Les chiens - un poil d&#039;\u00e9motion","isPartOf":{"@id":"https:\/\/unpoildemotion.fr\/#website"},"datePublished":"2016-11-06T19:20:51+00:00","dateModified":"2025-11-03T18:14:48+00:00","breadcrumb":{"@id":"https:\/\/unpoildemotion.fr\/index.php\/le-chien\/#breadcrumb"},"inLanguage":"fr-FR","potentialAction":[{"@type":"ReadAction","target":["https:\/\/unpoildemotion.fr\/index.php\/le-chien\/"]}]},{"@type":"BreadcrumbList","@id":"https:\/\/unpoildemotion.fr\/index.php\/le-chien\/#breadcrumb","itemListElement":[{"@type":"ListItem","position":1,"name":"Accueil","item":"https:\/\/unpoildemotion.fr\/"},{"@type":"ListItem","position":2,"name":"Les chiens"}]},{"@type":"WebSite","@id":"https:\/\/unpoildemotion.fr\/#website","url":"https:\/\/unpoildemotion.fr\/","name":"un poil d&#039;\u00e9motion","description":"le bien-\u00eatre par l&#039;animal","publisher":{"@id":"https:\/\/unpoildemotion.fr\/#\/schema\/person\/492b22c9db13b2c944912056d80be19a"},"potentialAction":[{"@type":"SearchAction","target":{"@type":"EntryPoint","urlTemplate":"https:\/\/unpoildemotion.fr\/?s={search_term_string}"},"query-input":"required name=search_term_string"}],"inLanguage":"fr-FR"},{"@type":["Person","Organization"],"@id":"https:\/\/unpoildemotion.fr\/#\/schema\/person\/492b22c9db13b2c944912056d80be19a","name":"perrine delecourt","logo":{"@id":"https:\/\/unpoildemotion.fr\/#\/schema\/person\/image\/"}}]}},"_links":{"self":[{"href":"https:\/\/unpoildemotion.fr\/index.php\/wp-json\/wp\/v2\/pages\/620"}],"collection":[{"href":"https:\/\/unpoildemotion.fr\/index.php\/wp-json\/wp\/v2\/pages"}],"about":[{"href":"https:\/\/unpoildemotion.fr\/index.php\/wp-json\/wp\/v2\/types\/page"}],"author":[{"embeddable":true,"href":"https:\/\/unpoildemotion.fr\/index.php\/wp-json\/wp\/v2\/users\/1"}],"replies":[{"embeddable":true,"href":"https:\/\/unpoildemotion.fr\/index.php\/wp-json\/wp\/v2\/comments?post=620"}],"version-history":[{"count":30,"href":"https:\/\/unpoildemotion.fr\/index.php\/wp-json\/wp\/v2\/pages\/620\/revisions"}],"predecessor-version":[{"id":1637,"href":"https:\/\/unpoildemotion.fr\/index.php\/wp-json\/wp\/v2\/pages\/620\/revisions\/1637"}],"wp:attachment":[{"href":"https:\/\/unpoildemotion.fr\/index.php\/wp-json\/wp\/v2\/media?parent=620"}],"curies":[{"name":"wp","href":"https:\/\/api.w.org\/{rel}","templated":true}]}}