{"id":491,"date":"2016-10-25T15:24:45","date_gmt":"2016-10-25T14:24:45","guid":{"rendered":"http:\/\/unpoildemotion.fr\/?page_id=491"},"modified":"2025-11-03T18:48:22","modified_gmt":"2025-11-03T17:48:22","slug":"votre-intervenante","status":"publish","type":"page","link":"https:\/\/unpoildemotion.fr\/index.php\/votre-intervenante\/","title":{"rendered":"votre intervenante"},"content":{"rendered":"<p>[et_pb_section fb_built=\u00a0\u00bb1&Prime; admin_label=\u00a0\u00bbsection\u00a0\u00bb _builder_version=\u00a0\u00bb4.27.4&Prime; background_color=\u00a0\u00bbRGBA(255,255,255,0)\u00a0\u00bb background_image=\u00a0\u00bbhttps:\/\/unpoildemotion.fr\/wp-content\/uploads\/2025\/10\/95a55a9b-214a-4c9e-9623-6c80c7430a0d.jpg\u00a0\u00bb global_colors_info=\u00a0\u00bb{}\u00a0\u00bb][et_pb_row column_structure=\u00a0\u00bb2_5,3_5&Prime; admin_label=\u00a0\u00bbrow\u00a0\u00bb _builder_version=\u00a0\u00bb4.27.4&Prime; background_color=\u00a0\u00bb#FFFFFF\u00a0\u00bb background_size=\u00a0\u00bbinitial\u00a0\u00bb background_position=\u00a0\u00bbtop_left\u00a0\u00bb background_repeat=\u00a0\u00bbrepeat\u00a0\u00bb min_height=\u00a0\u00bb294.8px\u00a0\u00bb custom_margin=\u00a0\u00bb-91px|auto|43px|auto||\u00a0\u00bb custom_padding=\u00a0\u00bb150px||2px|||\u00a0\u00bb animation_style=\u00a0\u00bbfade\u00a0\u00bb hover_enabled=\u00a0\u00bb0&Prime; border_width_all=\u00a0\u00bb6px\u00a0\u00bb border_color_all=\u00a0\u00bb#FFFFFF\u00a0\u00bb box_shadow_style=\u00a0\u00bbpreset5&Prime; global_colors_info=\u00a0\u00bb{}\u00a0\u00bb height=\u00a0\u00bb596px\u00a0\u00bb max_height=\u00a0\u00bb840px\u00a0\u00bb sticky_enabled=\u00a0\u00bb0&Prime;][et_pb_column type=\u00a0\u00bb2_5&Prime; _builder_version=\u00a0\u00bb4.16&Prime; custom_padding=\u00a0\u00bb|||\u00a0\u00bb global_colors_info=\u00a0\u00bb{}\u00a0\u00bb custom_padding__hover=\u00a0\u00bb|||\u00a0\u00bb][et_pb_image src=\u00a0\u00bbhttps:\/\/unpoildemotion.fr\/wp-content\/uploads\/2021\/04\/Jaiko-et-David.png\u00a0\u00bb title_text=\u00a0\u00bbJa\u00efko et David\u00a0\u00bb _builder_version=\u00a0\u00bb4.16&Prime; _module_preset=\u00a0\u00bbdefault\u00a0\u00bb border_width_all=\u00a0\u00bb10px\u00a0\u00bb border_color_all=\u00a0\u00bb#FFFFFF\u00a0\u00bb global_colors_info=\u00a0\u00bb{}\u00a0\u00bb][\/et_pb_image][\/et_pb_column][et_pb_column type=\u00a0\u00bb3_5&Prime; _builder_version=\u00a0\u00bb4.16&Prime; custom_padding=\u00a0\u00bb|||\u00a0\u00bb global_colors_info=\u00a0\u00bb{}\u00a0\u00bb custom_padding__hover=\u00a0\u00bb|||\u00a0\u00bb][et_pb_text _builder_version=\u00a0\u00bb4.19.5&Prime; _module_preset=\u00a0\u00bbdefault\u00a0\u00bb text_font_size=\u00a0\u00bb16px\u00a0\u00bb text_letter_spacing=\u00a0\u00bb1px\u00a0\u00bb background_color=\u00a0\u00bb#FFFFFF\u00a0\u00bb min_height=\u00a0\u00bb325px\u00a0\u00bb custom_padding=\u00a0\u00bb||116px|||\u00a0\u00bb animation_style=\u00a0\u00bbfade\u00a0\u00bb text_font_size_tablet=\u00a0\u00bb\u00a0\u00bb text_font_size_phone=\u00a0\u00bb13px\u00a0\u00bb text_font_size_last_edited=\u00a0\u00bbon|phone\u00a0\u00bb inline_fonts=\u00a0\u00bbCourgette\u00a0\u00bb global_colors_info=\u00a0\u00bb{}\u00a0\u00bb custom_margin=\u00a0\u00bb||15px|||\u00a0\u00bb]<\/p>\n<p><span style=\"color: #0f0f0f; font-family: Courgette;\">Je <\/span><span style=\"color: #000000; font-family: Courgette;\"><span style=\"color: #0f0f0f;\">me<\/span> suis <strong>form\u00e9e \u00e0 la m\u00e9diation animale<\/strong> au centre de formation AGATEA \u00e0 Colmar en 2016 o\u00f9 j&rsquo;ai obtenu mon <strong>certificat de capacit\u00e9 animaux domestiques<\/strong> ainsi qu&rsquo;une <strong>attestation de formation en management de projet de m\u00e9diation animale<\/strong>. Suivi par la BGE Hauts de France j&rsquo;ai obtenu un <strong>certificat d&rsquo;aptitude \u00e0 l&rsquo;entrepreneuriat.<\/strong><\/span><\/p>\n<p><span style=\"color: #000000; font-family: Courgette;\">Passionn\u00e9e par les animaux depuis\u00a0 l&rsquo;enfance et montant \u00e0 cheval depuis l&rsquo;\u00e2ge de 11 ans, j&rsquo;ai obtenu un BEP agricole dans la production \u00e9quine. Puis un baccalaur\u00e9at de conduite et gestion d&rsquo;exploitation agricole dans le m\u00eame domaine. Durant mes stages j&rsquo;ai d\u00e9couvert le m\u00e9tier d&rsquo;<strong>\u00e9quith\u00e9rapeute<\/strong>. C&rsquo;est ce qui m&rsquo;a donn\u00e9 l&rsquo;envie de devenir<strong> intervenante en m\u00e9diation assist\u00e9e par l&rsquo;animal.<\/strong><\/span><\/p>\n<p>[\/et_pb_text][\/et_pb_column][\/et_pb_row][\/et_pb_section]<\/p>\n","protected":false},"excerpt":{"rendered":"<p>Je me suis form\u00e9e \u00e0 la m\u00e9diation animale au centre de formation AGATEA \u00e0 Colmar en 2016 o\u00f9 j&rsquo;ai obtenu mon certificat de capacit\u00e9 animaux domestiques ainsi qu&rsquo;une attestation de formation en management de projet de m\u00e9diation animale. Suivi par la BGE Hauts de France j&rsquo;ai obtenu un certificat d&rsquo;aptitude \u00e0 l&rsquo;entrepreneuriat. Passionn\u00e9e par les [&hellip;]<\/p>\n","protected":false},"author":1,"featured_media":0,"parent":0,"menu_order":0,"comment_status":"closed","ping_status":"closed","template":"","meta":{"_et_pb_use_builder":"on","_et_pb_old_content":"<p><span style=\"color: #ffffff; font-size: 14pt;\">Je m'appelle Perrine, passionn\u00e9e par les animaux depuis l'enfance et montant \u00e0 cheval depuis l'\u00e2ge de 11 ans, je me suis orient\u00e9e apr\u00e8s le coll\u00e8ge vers un BEP agricole productions animales dans le domaine \u00e9quins. Puis un BAC pro conduite et gestion d'exploitation agricole toujours dans la production animale et dans le m\u00eame domaine.<\/span><\/p><p><span style=\"color: #ffffff; font-size: 14pt;\">Durant mes stages j'ai connu le m\u00e9tier d'\u00e9quith\u00e9rapeute. Nous avions beaucoup d'enfants atteints de trisomie ou d'autisme. Le m\u00e9tier me passionnait mais \u00e9tait encore trop peu reconnu en France \u00e0 l'\u00e9poque de l'obtention de mon dipl\u00f4me.<\/span><\/p><p><span style=\"color: #ffffff; font-size: 14pt;\">Pendant plusieurs mois j'ai cherch\u00e9 \u00e0 m'\u00e9panouir professionnellement et \u00a0c'est en regardant une \u00e9mission \u00e0 la t\u00e9l\u00e9 que j'ai appris que le m\u00e9tier d'\u00e9quith\u00e9rapeute ainsi que celui d'intervenant en m\u00e9diation \u00e9tait en pleine expansion en France.<\/span><\/p><p><span style=\"color: #ffffff; font-size: 14pt;\">J'ai saisi cette opportunit\u00e9 qui s'offrait \u00e0 moi de pratiquer ce m\u00e9tier qui me passionnait tant et qui me fascinait \u00e9tant \u00e9tudiante.<\/span><\/p><p><span style=\"color: #ffffff; font-size: 14pt;\">Je me suis form\u00e9e \u00e0 la m\u00e9diation animale au centre de formation AGATEA \u00e0 Colmar o\u00f9 j'ai obtenu mon certificat de capacit\u00e9 animaux domestiques ainsi qu'une attestation de formation en management de projet m\u00e9diation animal.<\/span><\/p>","_et_gb_content_width":""},"yoast_head":"<!-- This site is optimized with the Yoast SEO plugin v20.4 - https:\/\/yoast.com\/wordpress\/plugins\/seo\/ -->\n<title>votre intervenante - un poil d&#039;\u00e9motion<\/title>\n<meta name=\"robots\" content=\"index, follow, max-snippet:-1, max-image-preview:large, max-video-preview:-1\" \/>\n<link rel=\"canonical\" href=\"https:\/\/unpoildemotion.fr\/index.php\/votre-intervenante\/\" \/>\n<meta property=\"og:locale\" content=\"fr_FR\" \/>\n<meta property=\"og:type\" content=\"article\" \/>\n<meta property=\"og:title\" content=\"votre intervenante - un poil d&#039;\u00e9motion\" \/>\n<meta property=\"og:description\" content=\"Je me suis form\u00e9e \u00e0 la m\u00e9diation animale au centre de formation AGATEA \u00e0 Colmar en 2016 o\u00f9 j&#039;ai obtenu mon certificat de capacit\u00e9 animaux domestiques ainsi qu&#039;une attestation de formation en management de projet de m\u00e9diation animale. Suivi par la BGE Hauts de France j&#039;ai obtenu un certificat d&#039;aptitude \u00e0 l&#039;entrepreneuriat. Passionn\u00e9e par les [&hellip;]\" \/>\n<meta property=\"og:url\" content=\"https:\/\/unpoildemotion.fr\/index.php\/votre-intervenante\/\" \/>\n<meta property=\"og:site_name\" content=\"un poil d&#039;\u00e9motion\" \/>\n<meta property=\"article:modified_time\" content=\"2025-11-03T17:48:22+00:00\" \/>\n<meta name=\"twitter:card\" content=\"summary_large_image\" \/>\n<meta name=\"twitter:label1\" content=\"Dur\u00e9e de lecture estim\u00e9e\" \/>\n\t<meta name=\"twitter:data1\" content=\"2 minutes\" \/>\n<script type=\"application\/ld+json\" class=\"yoast-schema-graph\">{\"@context\":\"https:\/\/schema.org\",\"@graph\":[{\"@type\":\"WebPage\",\"@id\":\"https:\/\/unpoildemotion.fr\/index.php\/votre-intervenante\/\",\"url\":\"https:\/\/unpoildemotion.fr\/index.php\/votre-intervenante\/\",\"name\":\"votre intervenante - un poil d&#039;\u00e9motion\",\"isPartOf\":{\"@id\":\"https:\/\/unpoildemotion.fr\/#website\"},\"datePublished\":\"2016-10-25T14:24:45+00:00\",\"dateModified\":\"2025-11-03T17:48:22+00:00\",\"breadcrumb\":{\"@id\":\"https:\/\/unpoildemotion.fr\/index.php\/votre-intervenante\/#breadcrumb\"},\"inLanguage\":\"fr-FR\",\"potentialAction\":[{\"@type\":\"ReadAction\",\"target\":[\"https:\/\/unpoildemotion.fr\/index.php\/votre-intervenante\/\"]}]},{\"@type\":\"BreadcrumbList\",\"@id\":\"https:\/\/unpoildemotion.fr\/index.php\/votre-intervenante\/#breadcrumb\",\"itemListElement\":[{\"@type\":\"ListItem\",\"position\":1,\"name\":\"Accueil\",\"item\":\"https:\/\/unpoildemotion.fr\/\"},{\"@type\":\"ListItem\",\"position\":2,\"name\":\"votre intervenante\"}]},{\"@type\":\"WebSite\",\"@id\":\"https:\/\/unpoildemotion.fr\/#website\",\"url\":\"https:\/\/unpoildemotion.fr\/\",\"name\":\"un poil d&#039;\u00e9motion\",\"description\":\"le bien-\u00eatre par l&#039;animal\",\"publisher\":{\"@id\":\"https:\/\/unpoildemotion.fr\/#\/schema\/person\/492b22c9db13b2c944912056d80be19a\"},\"potentialAction\":[{\"@type\":\"SearchAction\",\"target\":{\"@type\":\"EntryPoint\",\"urlTemplate\":\"https:\/\/unpoildemotion.fr\/?s={search_term_string}\"},\"query-input\":\"required name=search_term_string\"}],\"inLanguage\":\"fr-FR\"},{\"@type\":[\"Person\",\"Organization\"],\"@id\":\"https:\/\/unpoildemotion.fr\/#\/schema\/person\/492b22c9db13b2c944912056d80be19a\",\"name\":\"perrine delecourt\",\"logo\":{\"@id\":\"https:\/\/unpoildemotion.fr\/#\/schema\/person\/image\/\"}}]}<\/script>\n<!-- \/ Yoast SEO plugin. -->","yoast_head_json":{"title":"votre intervenante - un poil d&#039;\u00e9motion","robots":{"index":"index","follow":"follow","max-snippet":"max-snippet:-1","max-image-preview":"max-image-preview:large","max-video-preview":"max-video-preview:-1"},"canonical":"https:\/\/unpoildemotion.fr\/index.php\/votre-intervenante\/","og_locale":"fr_FR","og_type":"article","og_title":"votre intervenante - un poil d&#039;\u00e9motion","og_description":"Je me suis form\u00e9e \u00e0 la m\u00e9diation animale au centre de formation AGATEA \u00e0 Colmar en 2016 o\u00f9 j'ai obtenu mon certificat de capacit\u00e9 animaux domestiques ainsi qu'une attestation de formation en management de projet de m\u00e9diation animale. Suivi par la BGE Hauts de France j'ai obtenu un certificat d'aptitude \u00e0 l'entrepreneuriat. Passionn\u00e9e par les [&hellip;]","og_url":"https:\/\/unpoildemotion.fr\/index.php\/votre-intervenante\/","og_site_name":"un poil d&#039;\u00e9motion","article_modified_time":"2025-11-03T17:48:22+00:00","twitter_card":"summary_large_image","twitter_misc":{"Dur\u00e9e de lecture estim\u00e9e":"2 minutes"},"schema":{"@context":"https:\/\/schema.org","@graph":[{"@type":"WebPage","@id":"https:\/\/unpoildemotion.fr\/index.php\/votre-intervenante\/","url":"https:\/\/unpoildemotion.fr\/index.php\/votre-intervenante\/","name":"votre intervenante - un poil d&#039;\u00e9motion","isPartOf":{"@id":"https:\/\/unpoildemotion.fr\/#website"},"datePublished":"2016-10-25T14:24:45+00:00","dateModified":"2025-11-03T17:48:22+00:00","breadcrumb":{"@id":"https:\/\/unpoildemotion.fr\/index.php\/votre-intervenante\/#breadcrumb"},"inLanguage":"fr-FR","potentialAction":[{"@type":"ReadAction","target":["https:\/\/unpoildemotion.fr\/index.php\/votre-intervenante\/"]}]},{"@type":"BreadcrumbList","@id":"https:\/\/unpoildemotion.fr\/index.php\/votre-intervenante\/#breadcrumb","itemListElement":[{"@type":"ListItem","position":1,"name":"Accueil","item":"https:\/\/unpoildemotion.fr\/"},{"@type":"ListItem","position":2,"name":"votre intervenante"}]},{"@type":"WebSite","@id":"https:\/\/unpoildemotion.fr\/#website","url":"https:\/\/unpoildemotion.fr\/","name":"un poil d&#039;\u00e9motion","description":"le bien-\u00eatre par l&#039;animal","publisher":{"@id":"https:\/\/unpoildemotion.fr\/#\/schema\/person\/492b22c9db13b2c944912056d80be19a"},"potentialAction":[{"@type":"SearchAction","target":{"@type":"EntryPoint","urlTemplate":"https:\/\/unpoildemotion.fr\/?s={search_term_string}"},"query-input":"required name=search_term_string"}],"inLanguage":"fr-FR"},{"@type":["Person","Organization"],"@id":"https:\/\/unpoildemotion.fr\/#\/schema\/person\/492b22c9db13b2c944912056d80be19a","name":"perrine delecourt","logo":{"@id":"https:\/\/unpoildemotion.fr\/#\/schema\/person\/image\/"}}]}},"_links":{"self":[{"href":"https:\/\/unpoildemotion.fr\/index.php\/wp-json\/wp\/v2\/pages\/491"}],"collection":[{"href":"https:\/\/unpoildemotion.fr\/index.php\/wp-json\/wp\/v2\/pages"}],"about":[{"href":"https:\/\/unpoildemotion.fr\/index.php\/wp-json\/wp\/v2\/types\/page"}],"author":[{"embeddable":true,"href":"https:\/\/unpoildemotion.fr\/index.php\/wp-json\/wp\/v2\/users\/1"}],"replies":[{"embeddable":true,"href":"https:\/\/unpoildemotion.fr\/index.php\/wp-json\/wp\/v2\/comments?post=491"}],"version-history":[{"count":32,"href":"https:\/\/unpoildemotion.fr\/index.php\/wp-json\/wp\/v2\/pages\/491\/revisions"}],"predecessor-version":[{"id":1626,"href":"https:\/\/unpoildemotion.fr\/index.php\/wp-json\/wp\/v2\/pages\/491\/revisions\/1626"}],"wp:attachment":[{"href":"https:\/\/unpoildemotion.fr\/index.php\/wp-json\/wp\/v2\/media?parent=491"}],"curies":[{"name":"wp","href":"https:\/\/api.w.org\/{rel}","templated":true}]}}