{"id":246,"date":"2016-07-20T14:41:41","date_gmt":"2016-07-20T13:41:41","guid":{"rendered":"http:\/\/unpoildemotion.fr\/?page_id=246"},"modified":"2025-10-21T19:21:46","modified_gmt":"2025-10-21T18:21:46","slug":"contact","status":"publish","type":"page","link":"https:\/\/unpoildemotion.fr\/index.php\/contact\/","title":{"rendered":"contact un poil d&rsquo;\u00e9motion"},"content":{"rendered":"<p>[et_pb_section fb_built=\u00a0\u00bb1&Prime; custom_padding_last_edited=\u00a0\u00bbon|desktop\u00a0\u00bb admin_label=\u00a0\u00bbsection\u00a0\u00bb _builder_version=\u00a0\u00bb4.19.5&Prime; background_color=\u00a0\u00bb#02aec9&Prime; custom_padding_tablet=\u00a0\u00bb50px|0|50px|0&Prime; custom_padding_phone=\u00a0\u00bb\u00a0\u00bb hover_enabled=\u00a0\u00bb0&Prime; transparent_background=\u00a0\u00bboff\u00a0\u00bb padding_mobile=\u00a0\u00bboff\u00a0\u00bb make_fullwidth=\u00a0\u00bboff\u00a0\u00bb use_custom_width=\u00a0\u00bboff\u00a0\u00bb width_unit=\u00a0\u00bbon\u00a0\u00bb collapsed=\u00a0\u00bboff\u00a0\u00bb global_colors_info=\u00a0\u00bb{}\u00a0\u00bb background_enable_image=\u00a0\u00bboff\u00a0\u00bb sticky_enabled=\u00a0\u00bb0&Prime; custom_padding=\u00a0\u00bb||0px|||\u00a0\u00bb][et_pb_row admin_label=\u00a0\u00bbrow\u00a0\u00bb _builder_version=\u00a0\u00bb4.19.5&Prime; background_size=\u00a0\u00bbinitial\u00a0\u00bb background_position=\u00a0\u00bbtop_left\u00a0\u00bb background_repeat=\u00a0\u00bbrepeat\u00a0\u00bb animation_style=\u00a0\u00bbfade\u00a0\u00bb hover_enabled=\u00a0\u00bb0&Prime; border_width_all=\u00a0\u00bb11px\u00a0\u00bb border_color_all=\u00a0\u00bb#FFFFFF\u00a0\u00bb box_shadow_style=\u00a0\u00bbpreset5&Prime; global_colors_info=\u00a0\u00bb{}\u00a0\u00bb custom_margin=\u00a0\u00bb-1px|auto|-87px|auto||\u00a0\u00bb background_color=\u00a0\u00bb#FFFFFF\u00a0\u00bb sticky_enabled=\u00a0\u00bb0&Prime;][et_pb_column type=\u00a0\u00bb4_4&Prime; _builder_version=\u00a0\u00bb4.16&Prime; custom_padding=\u00a0\u00bb|||\u00a0\u00bb global_colors_info=\u00a0\u00bb{}\u00a0\u00bb custom_padding__hover=\u00a0\u00bb|||\u00a0\u00bb][et_pb_text admin_label=\u00a0\u00bbTexte\u00a0\u00bb _builder_version=\u00a0\u00bb4.19.5&Prime; text_font=\u00a0\u00bbCourgette||||||||\u00a0\u00bb text_font_size=\u00a0\u00bb10px\u00a0\u00bb header_font=\u00a0\u00bbCourgette||||||||\u00a0\u00bb header_font_size=\u00a0\u00bb12px\u00a0\u00bb background_color=\u00a0\u00bb#FFFFFF\u00a0\u00bb background_size=\u00a0\u00bbinitial\u00a0\u00bb background_position=\u00a0\u00bbtop_left\u00a0\u00bb background_repeat=\u00a0\u00bbrepeat\u00a0\u00bb width=\u00a0\u00bb100%\u00a0\u00bb module_alignment=\u00a0\u00bbcenter\u00a0\u00bb min_height=\u00a0\u00bb545px\u00a0\u00bb height=\u00a0\u00bb516px\u00a0\u00bb hover_enabled=\u00a0\u00bb0&Prime; use_border_color=\u00a0\u00bboff\u00a0\u00bb border_color=\u00a0\u00bb#ffffff\u00a0\u00bb border_style=\u00a0\u00bbsolid\u00a0\u00bb inline_fonts=\u00a0\u00bbCourgette\u00a0\u00bb global_colors_info=\u00a0\u00bb{}\u00a0\u00bb text_letter_spacing__hover_enabled=\u00a0\u00bboff|desktop\u00a0\u00bb custom_margin=\u00a0\u00bb||292px|||\u00a0\u00bb custom_padding=\u00a0\u00bb||544px|||\u00a0\u00bb sticky_enabled=\u00a0\u00bb0&Prime;]<\/p>\n<h1 style=\"text-align: center;\"><\/h1>\n<h3 style=\"text-align: center;\"><img decoding=\"async\" loading=\"lazy\" class=\"alignnone wp-image-548\" src=\"https:\/\/unpoildemotion.fr\/wp-content\/uploads\/2016\/07\/logo-vert_opt-300x300.jpg\" alt=\"logo un poil d'\u00e9motion\" width=\"97\" height=\"97\" style=\"font-size: 48px; font-weight: bold; color: #000000; font-family: Courgette;\" srcset=\"https:\/\/unpoildemotion.fr\/wp-content\/uploads\/2016\/07\/logo-vert_opt-300x300.jpg 300w, https:\/\/unpoildemotion.fr\/wp-content\/uploads\/2016\/07\/logo-vert_opt-150x150.jpg 150w, https:\/\/unpoildemotion.fr\/wp-content\/uploads\/2016\/07\/logo-vert_opt.jpg 400w\" sizes=\"(max-width: 97px) 100vw, 97px\" \/><span style=\"font-family: Courgette;\"><strong>\u00a0<\/strong><span style=\"color: #000000;\"><strong><span style=\"font-size: 36pt;\"><span style=\"font-family: Courgette;\"><strong>Un poil <\/strong><\/span><\/span><\/strong><\/span><\/span><strong style=\"color: #000000; font-size: 21px; font-family: Courgette;\"><span style=\"font-size: 36pt;\"><strong>d&rsquo;\u00e9motion\u00a0<\/strong><\/span><\/strong><\/h3>\n<p><strong style=\"color: #000000; font-size: 21px; font-family: Courgette;\"><span style=\"font-size: 36pt;\"><strong><\/strong><\/span><\/strong><\/p>\n<p><strong style=\"color: #000000; font-size: 21px; font-family: Courgette;\"><span style=\"font-size: 36pt;\"><strong><\/strong><\/span><\/strong><\/p>\n<p><span style=\"font-size: 18pt; font-family: Courgette;\"><span style=\"color: #000000;\">\u00a0<\/span><\/span><\/p>\n<p style=\"text-align: justify;\"><span style=\"font-size: 18pt; color: #000000; font-family: Courgette;\">Tel : 06.67.67.70.94\u00a0<\/span><\/p>\n<p style=\"text-align: justify;\"><span style=\"font-size: 18pt; color: #000000; font-family: Courgette;\"><\/span><\/p>\n<p style=\"text-align: justify;\"><span style=\"font-size: 18pt; color: #000000; font-family: Courgette;\">Email: <\/span><span style=\"font-size: 18pt; color: #000000; font-family: Courgette;\"><a href=\"mailto:unpoildemotion@gmail.com\">unpoildemotion@gmail.com<\/a><\/span><\/p>\n<p style=\"text-align: justify;\"><span style=\"font-size: 18pt; color: #000000; font-family: Courgette;\"><\/span><\/p>\n<p style=\"text-align: justify;\"><span style=\"color: #000000; font-size: 18pt; font-family: Courgette;\">Tarifs sur devis uniquement.<\/span><\/p>\n<p style=\"text-align: justify;\"><span style=\"font-size: 18pt; color: #000000; font-family: Courgette;\">Suivez nous \u00e9galement sur les r\u00e9seaux sociaux<\/span><\/p>\n<p>&nbsp;<\/p>\n<p>[\/et_pb_text][et_pb_social_media_follow url_new_window=\u00a0\u00bboff\u00a0\u00bb admin_label=\u00a0\u00bbSuivez-nous sur les r\u00e9seaux sociaux\u00a0\u00bb _builder_version=\u00a0\u00bb4.16&Prime; border_radii=\u00a0\u00bbon|100%|100%|100%|100%\u00a0\u00bb link_shape=\u00a0\u00bbcircle\u00a0\u00bb global_colors_info=\u00a0\u00bb{}\u00a0\u00bb][et_pb_social_media_follow_network social_network=\u00a0\u00bbfacebook\u00a0\u00bb url=\u00a0\u00bbhttps:\/\/www.facebook.com\/Un-poil-d%C3%A9motion-359428704247990\/\u00a0\u00bb _builder_version=\u00a0\u00bb4.16&Prime; background_color=\u00a0\u00bb#3b5998&Prime; bg_color=\u00a0\u00bb#3b5998&Prime; global_colors_info=\u00a0\u00bb{}\u00a0\u00bb follow_button=\u00a0\u00bboff\u00a0\u00bb url_new_window=\u00a0\u00bboff\u00a0\u00bb] Facebook [\/et_pb_social_media_follow_network][et_pb_social_media_follow_network social_network=\u00a0\u00bbgoogle-plus\u00a0\u00bb url=\u00a0\u00bbhttps:\/\/plus.google.com\/u\/0\/114806119324616530329\/posts\u00a0\u00bb _builder_version=\u00a0\u00bb4.16&Prime; background_color=\u00a0\u00bb#dd4b39&Prime; bg_color=\u00a0\u00bb#dd4b39&Prime; global_colors_info=\u00a0\u00bb{}\u00a0\u00bb follow_button=\u00a0\u00bboff\u00a0\u00bb url_new_window=\u00a0\u00bboff\u00a0\u00bb] Google+ [\/et_pb_social_media_follow_network][et_pb_social_media_follow_network social_network=\u00a0\u00bblinkedin\u00a0\u00bb url=\u00a0\u00bbhttps:\/\/www.linkedin.com\/in\/perrine-delecourt?trk=hp-identity-name\u00a0\u00bb _builder_version=\u00a0\u00bb4.16&Prime; background_color=\u00a0\u00bb#007bb6&Prime; bg_color=\u00a0\u00bb#007bb6&Prime; global_colors_info=\u00a0\u00bb{}\u00a0\u00bb follow_button=\u00a0\u00bboff\u00a0\u00bb url_new_window=\u00a0\u00bboff\u00a0\u00bb] LinkedIn [\/et_pb_social_media_follow_network][\/et_pb_social_media_follow][\/et_pb_column][\/et_pb_row][\/et_pb_section]<\/p>\n","protected":false},"excerpt":{"rendered":"<p>\u00a0Un poil d&rsquo;\u00e9motion\u00a0 \u00a0 Tel : 06.67.67.70.94\u00a0 Email: unpoildemotion@gmail.com Tarifs sur devis uniquement. Suivez nous \u00e9galement sur les r\u00e9seaux sociaux &nbsp;<\/p>\n","protected":false},"author":1,"featured_media":0,"parent":0,"menu_order":0,"comment_status":"closed","ping_status":"closed","template":"","meta":{"_et_pb_use_builder":"on","_et_pb_old_content":"","_et_gb_content_width":""},"yoast_head":"<!-- This site is optimized with the Yoast SEO plugin v20.4 - https:\/\/yoast.com\/wordpress\/plugins\/seo\/ -->\n<title>contact un poil d&#039;\u00e9motion - un poil d&#039;\u00e9motion<\/title>\n<meta name=\"description\" content=\"comment nous contacter par email, par t\u00e9l\u00e9phone, par voie postale ou via les r\u00e9seaux sociaux. Une r\u00e9ponse rapide est assur\u00e9.\" \/>\n<meta name=\"robots\" content=\"index, follow, max-snippet:-1, max-image-preview:large, max-video-preview:-1\" \/>\n<link rel=\"canonical\" href=\"https:\/\/unpoildemotion.fr\/index.php\/contact\/\" \/>\n<meta property=\"og:locale\" content=\"fr_FR\" \/>\n<meta property=\"og:type\" content=\"article\" \/>\n<meta property=\"og:title\" content=\"contact un poil d&#039;\u00e9motion - un poil d&#039;\u00e9motion\" \/>\n<meta property=\"og:description\" content=\"comment nous contacter par email, par t\u00e9l\u00e9phone, par voie postale ou via les r\u00e9seaux sociaux. Une r\u00e9ponse rapide est assur\u00e9.\" \/>\n<meta property=\"og:url\" content=\"https:\/\/unpoildemotion.fr\/index.php\/contact\/\" \/>\n<meta property=\"og:site_name\" content=\"un poil d&#039;\u00e9motion\" \/>\n<meta property=\"article:modified_time\" content=\"2025-10-21T18:21:46+00:00\" \/>\n<meta property=\"og:image\" content=\"http:\/\/unpoildemotion.fr\/wp-content\/uploads\/2016\/07\/logo-vert_opt-300x300.jpg\" \/>\n<meta name=\"twitter:card\" content=\"summary_large_image\" \/>\n<meta name=\"twitter:label1\" content=\"Dur\u00e9e de lecture estim\u00e9e\" \/>\n\t<meta name=\"twitter:data1\" content=\"2 minutes\" \/>\n<script type=\"application\/ld+json\" class=\"yoast-schema-graph\">{\"@context\":\"https:\/\/schema.org\",\"@graph\":[{\"@type\":\"WebPage\",\"@id\":\"https:\/\/unpoildemotion.fr\/index.php\/contact\/\",\"url\":\"https:\/\/unpoildemotion.fr\/index.php\/contact\/\",\"name\":\"contact un poil d'\u00e9motion - un poil d&#039;\u00e9motion\",\"isPartOf\":{\"@id\":\"https:\/\/unpoildemotion.fr\/#website\"},\"datePublished\":\"2016-07-20T13:41:41+00:00\",\"dateModified\":\"2025-10-21T18:21:46+00:00\",\"description\":\"comment nous contacter par email, par t\u00e9l\u00e9phone, par voie postale ou via les r\u00e9seaux sociaux. Une r\u00e9ponse rapide est assur\u00e9.\",\"breadcrumb\":{\"@id\":\"https:\/\/unpoildemotion.fr\/index.php\/contact\/#breadcrumb\"},\"inLanguage\":\"fr-FR\",\"potentialAction\":[{\"@type\":\"ReadAction\",\"target\":[\"https:\/\/unpoildemotion.fr\/index.php\/contact\/\"]}]},{\"@type\":\"BreadcrumbList\",\"@id\":\"https:\/\/unpoildemotion.fr\/index.php\/contact\/#breadcrumb\",\"itemListElement\":[{\"@type\":\"ListItem\",\"position\":1,\"name\":\"Accueil\",\"item\":\"https:\/\/unpoildemotion.fr\/\"},{\"@type\":\"ListItem\",\"position\":2,\"name\":\"contact un poil d&rsquo;\u00e9motion\"}]},{\"@type\":\"WebSite\",\"@id\":\"https:\/\/unpoildemotion.fr\/#website\",\"url\":\"https:\/\/unpoildemotion.fr\/\",\"name\":\"un poil d&#039;\u00e9motion\",\"description\":\"le bien-\u00eatre par l&#039;animal\",\"publisher\":{\"@id\":\"https:\/\/unpoildemotion.fr\/#\/schema\/person\/492b22c9db13b2c944912056d80be19a\"},\"potentialAction\":[{\"@type\":\"SearchAction\",\"target\":{\"@type\":\"EntryPoint\",\"urlTemplate\":\"https:\/\/unpoildemotion.fr\/?s={search_term_string}\"},\"query-input\":\"required name=search_term_string\"}],\"inLanguage\":\"fr-FR\"},{\"@type\":[\"Person\",\"Organization\"],\"@id\":\"https:\/\/unpoildemotion.fr\/#\/schema\/person\/492b22c9db13b2c944912056d80be19a\",\"name\":\"perrine delecourt\",\"logo\":{\"@id\":\"https:\/\/unpoildemotion.fr\/#\/schema\/person\/image\/\"}}]}<\/script>\n<!-- \/ Yoast SEO plugin. -->","yoast_head_json":{"title":"contact un poil d'\u00e9motion - un poil d&#039;\u00e9motion","description":"comment nous contacter par email, par t\u00e9l\u00e9phone, par voie postale ou via les r\u00e9seaux sociaux. Une r\u00e9ponse rapide est assur\u00e9.","robots":{"index":"index","follow":"follow","max-snippet":"max-snippet:-1","max-image-preview":"max-image-preview:large","max-video-preview":"max-video-preview:-1"},"canonical":"https:\/\/unpoildemotion.fr\/index.php\/contact\/","og_locale":"fr_FR","og_type":"article","og_title":"contact un poil d'\u00e9motion - un poil d&#039;\u00e9motion","og_description":"comment nous contacter par email, par t\u00e9l\u00e9phone, par voie postale ou via les r\u00e9seaux sociaux. Une r\u00e9ponse rapide est assur\u00e9.","og_url":"https:\/\/unpoildemotion.fr\/index.php\/contact\/","og_site_name":"un poil d&#039;\u00e9motion","article_modified_time":"2025-10-21T18:21:46+00:00","og_image":[{"url":"http:\/\/unpoildemotion.fr\/wp-content\/uploads\/2016\/07\/logo-vert_opt-300x300.jpg"}],"twitter_card":"summary_large_image","twitter_misc":{"Dur\u00e9e de lecture estim\u00e9e":"2 minutes"},"schema":{"@context":"https:\/\/schema.org","@graph":[{"@type":"WebPage","@id":"https:\/\/unpoildemotion.fr\/index.php\/contact\/","url":"https:\/\/unpoildemotion.fr\/index.php\/contact\/","name":"contact un poil d'\u00e9motion - un poil d&#039;\u00e9motion","isPartOf":{"@id":"https:\/\/unpoildemotion.fr\/#website"},"datePublished":"2016-07-20T13:41:41+00:00","dateModified":"2025-10-21T18:21:46+00:00","description":"comment nous contacter par email, par t\u00e9l\u00e9phone, par voie postale ou via les r\u00e9seaux sociaux. Une r\u00e9ponse rapide est assur\u00e9.","breadcrumb":{"@id":"https:\/\/unpoildemotion.fr\/index.php\/contact\/#breadcrumb"},"inLanguage":"fr-FR","potentialAction":[{"@type":"ReadAction","target":["https:\/\/unpoildemotion.fr\/index.php\/contact\/"]}]},{"@type":"BreadcrumbList","@id":"https:\/\/unpoildemotion.fr\/index.php\/contact\/#breadcrumb","itemListElement":[{"@type":"ListItem","position":1,"name":"Accueil","item":"https:\/\/unpoildemotion.fr\/"},{"@type":"ListItem","position":2,"name":"contact un poil d&rsquo;\u00e9motion"}]},{"@type":"WebSite","@id":"https:\/\/unpoildemotion.fr\/#website","url":"https:\/\/unpoildemotion.fr\/","name":"un poil d&#039;\u00e9motion","description":"le bien-\u00eatre par l&#039;animal","publisher":{"@id":"https:\/\/unpoildemotion.fr\/#\/schema\/person\/492b22c9db13b2c944912056d80be19a"},"potentialAction":[{"@type":"SearchAction","target":{"@type":"EntryPoint","urlTemplate":"https:\/\/unpoildemotion.fr\/?s={search_term_string}"},"query-input":"required name=search_term_string"}],"inLanguage":"fr-FR"},{"@type":["Person","Organization"],"@id":"https:\/\/unpoildemotion.fr\/#\/schema\/person\/492b22c9db13b2c944912056d80be19a","name":"perrine delecourt","logo":{"@id":"https:\/\/unpoildemotion.fr\/#\/schema\/person\/image\/"}}]}},"_links":{"self":[{"href":"https:\/\/unpoildemotion.fr\/index.php\/wp-json\/wp\/v2\/pages\/246"}],"collection":[{"href":"https:\/\/unpoildemotion.fr\/index.php\/wp-json\/wp\/v2\/pages"}],"about":[{"href":"https:\/\/unpoildemotion.fr\/index.php\/wp-json\/wp\/v2\/types\/page"}],"author":[{"embeddable":true,"href":"https:\/\/unpoildemotion.fr\/index.php\/wp-json\/wp\/v2\/users\/1"}],"replies":[{"embeddable":true,"href":"https:\/\/unpoildemotion.fr\/index.php\/wp-json\/wp\/v2\/comments?post=246"}],"version-history":[{"count":33,"href":"https:\/\/unpoildemotion.fr\/index.php\/wp-json\/wp\/v2\/pages\/246\/revisions"}],"predecessor-version":[{"id":1508,"href":"https:\/\/unpoildemotion.fr\/index.php\/wp-json\/wp\/v2\/pages\/246\/revisions\/1508"}],"wp:attachment":[{"href":"https:\/\/unpoildemotion.fr\/index.php\/wp-json\/wp\/v2\/media?parent=246"}],"curies":[{"name":"wp","href":"https:\/\/api.w.org\/{rel}","templated":true}]}}