{"id":107,"date":"2016-07-13T14:29:04","date_gmt":"2016-07-13T13:29:04","guid":{"rendered":"http:\/\/unpoildemotion.fr\/?page_id=107"},"modified":"2025-11-03T19:36:39","modified_gmt":"2025-11-03T18:36:39","slug":"lhygiene","status":"publish","type":"page","link":"https:\/\/unpoildemotion.fr\/index.php\/lhygiene\/","title":{"rendered":"L&rsquo;hygi\u00e8ne dans la m\u00e9diation animale"},"content":{"rendered":"<p>[et_pb_section fb_built=\u00a0\u00bb1&Prime; custom_padding_last_edited=\u00a0\u00bbon|desktop\u00a0\u00bb admin_label=\u00a0\u00bbsection\u00a0\u00bb _builder_version=\u00a0\u00bb4.27.4&Prime; background_color=\u00a0\u00bbRGBA(255,255,255,0)\u00a0\u00bb custom_padding_tablet=\u00a0\u00bb50px|0|50px|0&Prime; custom_padding_phone=\u00a0\u00bb\u00a0\u00bb hover_enabled=\u00a0\u00bb0&Prime; transparent_background=\u00a0\u00bboff\u00a0\u00bb padding_mobile=\u00a0\u00bboff\u00a0\u00bb make_fullwidth=\u00a0\u00bboff\u00a0\u00bb use_custom_width=\u00a0\u00bboff\u00a0\u00bb width_unit=\u00a0\u00bbon\u00a0\u00bb global_colors_info=\u00a0\u00bb{}\u00a0\u00bb title_text=\u00a0\u00bb95a55a9b-214a-4c9e-9623-6c80c7430a0d\u00a0\u00bb background_image=\u00a0\u00bbhttps:\/\/unpoildemotion.fr\/wp-content\/uploads\/2025\/10\/95a55a9b-214a-4c9e-9623-6c80c7430a0d.jpg\u00a0\u00bb sticky_enabled=\u00a0\u00bb0&Prime;][et_pb_row column_structure=\u00a0\u00bb2_3,1_3&Prime; admin_label=\u00a0\u00bbrow\u00a0\u00bb _builder_version=\u00a0\u00bb4.19.5&Prime; background_color=\u00a0\u00bb#FFFFFF\u00a0\u00bb background_size=\u00a0\u00bbinitial\u00a0\u00bb background_position=\u00a0\u00bbtop_left\u00a0\u00bb background_repeat=\u00a0\u00bbrepeat\u00a0\u00bb min_height=\u00a0\u00bb431px\u00a0\u00bb animation_style=\u00a0\u00bbfade\u00a0\u00bb box_shadow_style=\u00a0\u00bbpreset5&Prime; global_colors_info=\u00a0\u00bb{}\u00a0\u00bb custom_padding=\u00a0\u00bb27px||0px|||\u00a0\u00bb][et_pb_column type=\u00a0\u00bb2_3&Prime; _builder_version=\u00a0\u00bb4.16&Prime; custom_padding=\u00a0\u00bb|||\u00a0\u00bb global_colors_info=\u00a0\u00bb{}\u00a0\u00bb custom_padding__hover=\u00a0\u00bb|||\u00a0\u00bb][et_pb_text content_tablet=\u00a0\u00bb\u00a0\u00bb content_phone=\u00a0\u00bb<\/p>\n<p><span style=%22color: #000000;%22> Nos chiens<\/span><span style=%22color: #000000; font-size: 14pt;%22> b\u00e9n\u00e9ficient tous d&rsquo;un <\/span><strong style=%22color: #000000; font-size: 14pt;%22>suivi v\u00e9t\u00e9rinaire<\/strong><span style=%22color: #000000; font-size: 14pt;%22> rigoureux. Ils sont <\/span><strong style=%22color: #000000; font-size: 14pt;%22>vaccin\u00e9s<\/strong><span style=%22color: #000000; font-size: 14pt;%22> r\u00e9guli\u00e8rement et <\/span><strong style=%22color: #000000; font-size: 14pt;%22>vermifug\u00e9s<\/strong><span style=%22color: #000000; font-size: 14pt;%22>. Ils ont tous un <\/span><strong style=%22color: #000000; font-size: 14pt;%22>traitement anti-parasitaire<\/strong><span style=%22color: #000000; font-size: 14pt;%22> ( puces , tiques ). Un certificat de <\/span><strong style=%22color: #000000; font-size: 14pt;%22>bonne sant\u00e9<\/strong><span style=%22color: #000000; font-size: 14pt;%22> peut \u00eatre fourni.<\/span><\/p>\n<p><span style=%22color: #000000; font-size: 14pt;%22>Lors de nos s\u00e9ances de m\u00e9diation l&rsquo;hygi\u00e8ne est une de nos priorit\u00e9s.<\/span><\/p>\n<\/p>\n<p>\u00a0\u00bb content_last_edited=\u00a0\u00bbon|phone\u00a0\u00bb admin_label=\u00a0\u00bbTexte\u00a0\u00bb _builder_version=\u00a0\u00bb4.16&Prime; text_font=\u00a0\u00bbCourgette||||||||\u00a0\u00bb text_font_size=\u00a0\u00bb22px\u00a0\u00bb text_line_height=\u00a0\u00bb1.1em\u00a0\u00bb header_font=\u00a0\u00bbLeckerli One||||\u00a0\u00bb background_size=\u00a0\u00bbinitial\u00a0\u00bb background_position=\u00a0\u00bbtop_left\u00a0\u00bb background_repeat=\u00a0\u00bbrepeat\u00a0\u00bb border_width_all=\u00a0\u00bb11px\u00a0\u00bb border_color_all=\u00a0\u00bb#FFFFFF\u00a0\u00bb use_border_color=\u00a0\u00bboff\u00a0\u00bb border_color=\u00a0\u00bb#ffffff\u00a0\u00bb border_style=\u00a0\u00bbsolid\u00a0\u00bb global_colors_info=\u00a0\u00bb{}\u00a0\u00bb]<\/p>\n<p>&nbsp;<\/p>\n<p style=\"text-align: left;\"><span style=\"color: #000000; font-size: 14pt;\">Nos animaux b\u00e9n\u00e9ficient tous d&rsquo;un <strong>suivi v\u00e9t\u00e9rinaire<\/strong>\u00a0rigoureux. Tous nos animaux sont <strong>vaccin\u00e9s<\/strong> r\u00e9guli\u00e8rement et <strong>vermifug\u00e9s<\/strong>. Nos animaux ont tous un <strong>traitement anti-parasitaire<\/strong> ( puces , tiques ). Un certificat de <strong>bonne sant\u00e9<\/strong> peut \u00eatre fourni.<\/span><\/p>\n<p><span style=\"color: #000000; font-size: 14pt;\">Lors de nos s\u00e9ances de m\u00e9diation l&rsquo;hygi\u00e8ne est une de nos priorit\u00e9s.<\/span><\/p>\n<p><span style=\"color: #000000; font-size: 14pt;\">Info COVID 19 : nous utilisons du <strong>gel hydroalcoolique <\/strong>avant et apr\u00e8s chaque s\u00e9ance,\u00a0 notre mat\u00e9riel est <strong>nettoy\u00e9 et\u00a0d\u00e9sinfect\u00e9<\/strong> apr\u00e8s chaque s\u00e9ance, nous utilisons \u00e9galement des\u00a0produits <strong>d\u00e9sinfectants naturels<\/strong> pour nettoyer les surfaces sur lesquelles \u00e9voluent nos animaux. Les plaids et autres tissus sont nettoy\u00e9s apr\u00e8s chaque utilisation. Le masque chirurgical est syst\u00e9matiquement port\u00e9 lors des s\u00e9ances.<\/span><\/p>\n<p>[\/et_pb_text][\/et_pb_column][et_pb_column type=\u00a0\u00bb1_3&Prime; _builder_version=\u00a0\u00bb4.16&Prime; custom_padding=\u00a0\u00bb|||\u00a0\u00bb global_colors_info=\u00a0\u00bb{}\u00a0\u00bb custom_padding__hover=\u00a0\u00bb|||\u00a0\u00bb][et_pb_image src=\u00a0\u00bbhttps:\/\/unpoildemotion.fr\/wp-content\/uploads\/2024\/06\/Jaiko-et-David-4-1.png\u00a0\u00bb alt=\u00a0\u00bbtoilettage chien m\u00e9diateur\u00a0\u00bb title_text=\u00a0\u00bbJa\u00efko et David (4)\u00a0\u00bb align=\u00a0\u00bbcenter\u00a0\u00bb align_tablet=\u00a0\u00bbcenter\u00a0\u00bb align_phone=\u00a0\u00bb\u00a0\u00bb align_last_edited=\u00a0\u00bbon|desktop\u00a0\u00bb admin_label=\u00a0\u00bbImage\u00a0\u00bb _builder_version=\u00a0\u00bb4.19.5&Prime; custom_margin=\u00a0\u00bb29px||85px|||\u00a0\u00bb animation_style=\u00a0\u00bbslide\u00a0\u00bb animation_direction=\u00a0\u00bbleft\u00a0\u00bb animation_duration=\u00a0\u00bb500ms\u00a0\u00bb animation_intensity_slide=\u00a0\u00bb10%\u00a0\u00bb border_width_all=\u00a0\u00bb14px\u00a0\u00bb border_color_all=\u00a0\u00bb#FFFFFF\u00a0\u00bb use_border_color=\u00a0\u00bboff\u00a0\u00bb border_color=\u00a0\u00bb#ffffff\u00a0\u00bb border_style=\u00a0\u00bbsolid\u00a0\u00bb animation=\u00a0\u00bbleft\u00a0\u00bb sticky=\u00a0\u00bboff\u00a0\u00bb always_center_on_mobile=\u00a0\u00bbon\u00a0\u00bb global_colors_info=\u00a0\u00bb{}\u00a0\u00bb] [\/et_pb_image][\/et_pb_column][\/et_pb_row][\/et_pb_section]<\/p>\n","protected":false},"excerpt":{"rendered":"<p>&nbsp; Nos animaux b\u00e9n\u00e9ficient tous d&rsquo;un suivi v\u00e9t\u00e9rinaire\u00a0rigoureux. Tous nos animaux sont vaccin\u00e9s r\u00e9guli\u00e8rement et vermifug\u00e9s. Nos animaux ont tous un traitement anti-parasitaire ( puces , tiques ). Un certificat de bonne sant\u00e9 peut \u00eatre fourni. Lors de nos s\u00e9ances de m\u00e9diation l&rsquo;hygi\u00e8ne est une de nos priorit\u00e9s. Info COVID 19 : nous utilisons du [&hellip;]<\/p>\n","protected":false},"author":1,"featured_media":0,"parent":0,"menu_order":0,"comment_status":"closed","ping_status":"closed","template":"","meta":{"_et_pb_use_builder":"on","_et_pb_old_content":"<h1><span style=\"color: #0000ff; font-size: 36pt;\">Hygi\u00e8ne des animaux de m\u00e9diation<\/span><\/h1><p>\u00a0<\/p><h2><span style=\"text-decoration: underline; color: #ffcc00;\"><span style=\"font-size: 24pt;\">La prophylaxie et mesure d'hygi\u00e8ne<\/span><\/span><\/h2><p>\u00a0<\/p><p><span style=\"font-size: 24pt; color: #000000;\">Nos animaux b\u00e9n\u00e9ficient tous d'un suivi v\u00e9t\u00e9rinaire <\/span><\/p><p><span style=\"font-size: 24pt; color: #000000;\">rigoureux. Tout nos animaux sont vaccin\u00e9s <\/span><\/p><p><span style=\"font-size: 24pt; color: #000000;\">r\u00e9guli\u00e8rement et vermifug\u00e9s. Nos animaux ont tous un <\/span><\/p><p><span style=\"font-size: 24pt; color: #000000;\">traitement anti-parasitaire ( puces , tiques ). Un <\/span><\/p><p><span style=\"font-size: 24pt; color: #000000;\">certificat de bon sant\u00e9 peut \u00eatre fournit.<\/span><\/p><p>\u00a0<\/p><p><span style=\"font-size: 24pt; color: #000000;\">Lors de nos s\u00e9ances de m\u00e9diation l'hygi\u00e8ne est une de <\/span><\/p><p><span style=\"font-size: 24pt; color: #000000;\">nos priorit\u00e9s pour cela nous utilisons du gel <\/span><\/p><p><span style=\"font-size: 24pt; color: #000000;\">hydro<\/span><span style=\"font-size: 24pt; color: #000000;\">alcoolique \u00a0notre mat\u00e9riels et nettoyer <\/span><\/p><p><span style=\"font-size: 24pt; color: #000000;\">et\u00a0<\/span><span style=\"font-size: 24pt; color: #000000;\">d\u00e9sinfecter<\/span><\/p><p>\u00a0<\/p><p><span style=\"font-size: 24pt; color: #000000;\">apr\u00e8s chaque s\u00e9ance, nous utilisons \u00e9galement des <\/span><\/p><p><span style=\"font-size: 24pt; color: #000000;\">produits d\u00e9sinfectant naturel pour nettoyer les surfaces <\/span><\/p><p><span style=\"font-size: 24pt; color: #000000;\">sur lesquels \u00e9voluent nos animaux, les plaides et autre <\/span><\/p><p><span style=\"font-size: 24pt; color: #000000;\">tissus sont nettoy\u00e9s apr\u00e8s chaque utilisation.<\/span><\/p><p>\u00a0<\/p>","_et_gb_content_width":""},"yoast_head":"<!-- This site is optimized with the Yoast SEO plugin v20.4 - https:\/\/yoast.com\/wordpress\/plugins\/seo\/ -->\n<title>L&#039;hygi\u00e8ne dans la m\u00e9diation animale - un poil d&#039;\u00e9motion<\/title>\n<meta name=\"description\" content=\"la prophylaxie et hygi\u00e8ne au sein de notre entreprise de m\u00e9diation animale, protocole de nettoyage et d\u00e9sinfection du mat\u00e9riel et des lieux d&#039;interventions.\" \/>\n<meta name=\"robots\" content=\"index, follow, max-snippet:-1, max-image-preview:large, max-video-preview:-1\" \/>\n<link rel=\"canonical\" href=\"https:\/\/unpoildemotion.fr\/index.php\/lhygiene\/\" \/>\n<meta property=\"og:locale\" content=\"fr_FR\" \/>\n<meta property=\"og:type\" content=\"article\" \/>\n<meta property=\"og:title\" content=\"L&#039;hygi\u00e8ne dans la m\u00e9diation animale - un poil d&#039;\u00e9motion\" \/>\n<meta property=\"og:description\" content=\"la prophylaxie et hygi\u00e8ne au sein de notre entreprise de m\u00e9diation animale, protocole de nettoyage et d\u00e9sinfection du mat\u00e9riel et des lieux d&#039;interventions.\" \/>\n<meta property=\"og:url\" content=\"https:\/\/unpoildemotion.fr\/index.php\/lhygiene\/\" \/>\n<meta property=\"og:site_name\" content=\"un poil d&#039;\u00e9motion\" \/>\n<meta property=\"article:modified_time\" content=\"2025-11-03T18:36:39+00:00\" \/>\n<meta name=\"twitter:card\" content=\"summary_large_image\" \/>\n<meta name=\"twitter:label1\" content=\"Dur\u00e9e de lecture estim\u00e9e\" \/>\n\t<meta name=\"twitter:data1\" content=\"2 minutes\" \/>\n<script type=\"application\/ld+json\" class=\"yoast-schema-graph\">{\"@context\":\"https:\/\/schema.org\",\"@graph\":[{\"@type\":\"WebPage\",\"@id\":\"https:\/\/unpoildemotion.fr\/index.php\/lhygiene\/\",\"url\":\"https:\/\/unpoildemotion.fr\/index.php\/lhygiene\/\",\"name\":\"L'hygi\u00e8ne dans la m\u00e9diation animale - un poil d&#039;\u00e9motion\",\"isPartOf\":{\"@id\":\"https:\/\/unpoildemotion.fr\/#website\"},\"datePublished\":\"2016-07-13T13:29:04+00:00\",\"dateModified\":\"2025-11-03T18:36:39+00:00\",\"description\":\"la prophylaxie et hygi\u00e8ne au sein de notre entreprise de m\u00e9diation animale, protocole de nettoyage et d\u00e9sinfection du mat\u00e9riel et des lieux d'interventions.\",\"breadcrumb\":{\"@id\":\"https:\/\/unpoildemotion.fr\/index.php\/lhygiene\/#breadcrumb\"},\"inLanguage\":\"fr-FR\",\"potentialAction\":[{\"@type\":\"ReadAction\",\"target\":[\"https:\/\/unpoildemotion.fr\/index.php\/lhygiene\/\"]}]},{\"@type\":\"BreadcrumbList\",\"@id\":\"https:\/\/unpoildemotion.fr\/index.php\/lhygiene\/#breadcrumb\",\"itemListElement\":[{\"@type\":\"ListItem\",\"position\":1,\"name\":\"Accueil\",\"item\":\"https:\/\/unpoildemotion.fr\/\"},{\"@type\":\"ListItem\",\"position\":2,\"name\":\"L&rsquo;hygi\u00e8ne dans la m\u00e9diation animale\"}]},{\"@type\":\"WebSite\",\"@id\":\"https:\/\/unpoildemotion.fr\/#website\",\"url\":\"https:\/\/unpoildemotion.fr\/\",\"name\":\"un poil d&#039;\u00e9motion\",\"description\":\"le bien-\u00eatre par l&#039;animal\",\"publisher\":{\"@id\":\"https:\/\/unpoildemotion.fr\/#\/schema\/person\/492b22c9db13b2c944912056d80be19a\"},\"potentialAction\":[{\"@type\":\"SearchAction\",\"target\":{\"@type\":\"EntryPoint\",\"urlTemplate\":\"https:\/\/unpoildemotion.fr\/?s={search_term_string}\"},\"query-input\":\"required name=search_term_string\"}],\"inLanguage\":\"fr-FR\"},{\"@type\":[\"Person\",\"Organization\"],\"@id\":\"https:\/\/unpoildemotion.fr\/#\/schema\/person\/492b22c9db13b2c944912056d80be19a\",\"name\":\"perrine delecourt\",\"logo\":{\"@id\":\"https:\/\/unpoildemotion.fr\/#\/schema\/person\/image\/\"}}]}<\/script>\n<!-- \/ Yoast SEO plugin. -->","yoast_head_json":{"title":"L'hygi\u00e8ne dans la m\u00e9diation animale - un poil d&#039;\u00e9motion","description":"la prophylaxie et hygi\u00e8ne au sein de notre entreprise de m\u00e9diation animale, protocole de nettoyage et d\u00e9sinfection du mat\u00e9riel et des lieux d'interventions.","robots":{"index":"index","follow":"follow","max-snippet":"max-snippet:-1","max-image-preview":"max-image-preview:large","max-video-preview":"max-video-preview:-1"},"canonical":"https:\/\/unpoildemotion.fr\/index.php\/lhygiene\/","og_locale":"fr_FR","og_type":"article","og_title":"L'hygi\u00e8ne dans la m\u00e9diation animale - un poil d&#039;\u00e9motion","og_description":"la prophylaxie et hygi\u00e8ne au sein de notre entreprise de m\u00e9diation animale, protocole de nettoyage et d\u00e9sinfection du mat\u00e9riel et des lieux d'interventions.","og_url":"https:\/\/unpoildemotion.fr\/index.php\/lhygiene\/","og_site_name":"un poil d&#039;\u00e9motion","article_modified_time":"2025-11-03T18:36:39+00:00","twitter_card":"summary_large_image","twitter_misc":{"Dur\u00e9e de lecture estim\u00e9e":"2 minutes"},"schema":{"@context":"https:\/\/schema.org","@graph":[{"@type":"WebPage","@id":"https:\/\/unpoildemotion.fr\/index.php\/lhygiene\/","url":"https:\/\/unpoildemotion.fr\/index.php\/lhygiene\/","name":"L'hygi\u00e8ne dans la m\u00e9diation animale - un poil d&#039;\u00e9motion","isPartOf":{"@id":"https:\/\/unpoildemotion.fr\/#website"},"datePublished":"2016-07-13T13:29:04+00:00","dateModified":"2025-11-03T18:36:39+00:00","description":"la prophylaxie et hygi\u00e8ne au sein de notre entreprise de m\u00e9diation animale, protocole de nettoyage et d\u00e9sinfection du mat\u00e9riel et des lieux d'interventions.","breadcrumb":{"@id":"https:\/\/unpoildemotion.fr\/index.php\/lhygiene\/#breadcrumb"},"inLanguage":"fr-FR","potentialAction":[{"@type":"ReadAction","target":["https:\/\/unpoildemotion.fr\/index.php\/lhygiene\/"]}]},{"@type":"BreadcrumbList","@id":"https:\/\/unpoildemotion.fr\/index.php\/lhygiene\/#breadcrumb","itemListElement":[{"@type":"ListItem","position":1,"name":"Accueil","item":"https:\/\/unpoildemotion.fr\/"},{"@type":"ListItem","position":2,"name":"L&rsquo;hygi\u00e8ne dans la m\u00e9diation animale"}]},{"@type":"WebSite","@id":"https:\/\/unpoildemotion.fr\/#website","url":"https:\/\/unpoildemotion.fr\/","name":"un poil d&#039;\u00e9motion","description":"le bien-\u00eatre par l&#039;animal","publisher":{"@id":"https:\/\/unpoildemotion.fr\/#\/schema\/person\/492b22c9db13b2c944912056d80be19a"},"potentialAction":[{"@type":"SearchAction","target":{"@type":"EntryPoint","urlTemplate":"https:\/\/unpoildemotion.fr\/?s={search_term_string}"},"query-input":"required name=search_term_string"}],"inLanguage":"fr-FR"},{"@type":["Person","Organization"],"@id":"https:\/\/unpoildemotion.fr\/#\/schema\/person\/492b22c9db13b2c944912056d80be19a","name":"perrine delecourt","logo":{"@id":"https:\/\/unpoildemotion.fr\/#\/schema\/person\/image\/"}}]}},"_links":{"self":[{"href":"https:\/\/unpoildemotion.fr\/index.php\/wp-json\/wp\/v2\/pages\/107"}],"collection":[{"href":"https:\/\/unpoildemotion.fr\/index.php\/wp-json\/wp\/v2\/pages"}],"about":[{"href":"https:\/\/unpoildemotion.fr\/index.php\/wp-json\/wp\/v2\/types\/page"}],"author":[{"embeddable":true,"href":"https:\/\/unpoildemotion.fr\/index.php\/wp-json\/wp\/v2\/users\/1"}],"replies":[{"embeddable":true,"href":"https:\/\/unpoildemotion.fr\/index.php\/wp-json\/wp\/v2\/comments?post=107"}],"version-history":[{"count":40,"href":"https:\/\/unpoildemotion.fr\/index.php\/wp-json\/wp\/v2\/pages\/107\/revisions"}],"predecessor-version":[{"id":1648,"href":"https:\/\/unpoildemotion.fr\/index.php\/wp-json\/wp\/v2\/pages\/107\/revisions\/1648"}],"wp:attachment":[{"href":"https:\/\/unpoildemotion.fr\/index.php\/wp-json\/wp\/v2\/media?parent=107"}],"curies":[{"name":"wp","href":"https:\/\/api.w.org\/{rel}","templated":true}]}}