{"id":100,"date":"2016-07-13T14:12:15","date_gmt":"2016-07-13T13:12:15","guid":{"rendered":"http:\/\/unpoildemotion.fr\/?page_id=100"},"modified":"2025-11-03T19:16:25","modified_gmt":"2025-11-03T18:16:25","slug":"les-seances","status":"publish","type":"page","link":"https:\/\/unpoildemotion.fr\/index.php\/les-seances\/","title":{"rendered":"Les s\u00e9ances"},"content":{"rendered":"<p>[et_pb_section fb_built=\u00a0\u00bb1&Prime; custom_padding_last_edited=\u00a0\u00bbon|desktop\u00a0\u00bb admin_label=\u00a0\u00bbsection\u00a0\u00bb _builder_version=\u00a0\u00bb4.27.4&Prime; background_color=\u00a0\u00bbRGBA(255,255,255,0)\u00a0\u00bb custom_padding_tablet=\u00a0\u00bb50px|0|50px|0&Prime; custom_padding_phone=\u00a0\u00bb\u00a0\u00bb hover_enabled=\u00a0\u00bb0&Prime; transparent_background=\u00a0\u00bboff\u00a0\u00bb padding_mobile=\u00a0\u00bboff\u00a0\u00bb make_fullwidth=\u00a0\u00bboff\u00a0\u00bb use_custom_width=\u00a0\u00bboff\u00a0\u00bb width_unit=\u00a0\u00bbon\u00a0\u00bb global_colors_info=\u00a0\u00bb{}\u00a0\u00bb title_text=\u00a0\u00bb95a55a9b-214a-4c9e-9623-6c80c7430a0d\u00a0\u00bb background_image=\u00a0\u00bbhttps:\/\/unpoildemotion.fr\/wp-content\/uploads\/2025\/10\/95a55a9b-214a-4c9e-9623-6c80c7430a0d.jpg\u00a0\u00bb sticky_enabled=\u00a0\u00bb0&Prime;][et_pb_row column_structure=\u00a0\u00bb2_3,1_3&Prime; admin_label=\u00a0\u00bbLigne\u00a0\u00bb _builder_version=\u00a0\u00bb4.16&Prime; background_color=\u00a0\u00bb#FFFFFF\u00a0\u00bb background_size=\u00a0\u00bbinitial\u00a0\u00bb background_position=\u00a0\u00bbtop_left\u00a0\u00bb background_repeat=\u00a0\u00bbrepeat\u00a0\u00bb min_height=\u00a0\u00bb462px\u00a0\u00bb animation_style=\u00a0\u00bbfade\u00a0\u00bb box_shadow_style=\u00a0\u00bbpreset5&Prime; global_colors_info=\u00a0\u00bb{}\u00a0\u00bb custom_margin=\u00a0\u00bb7px|auto||auto||\u00a0\u00bb custom_padding=\u00a0\u00bb44px||36px|||\u00a0\u00bb][et_pb_column type=\u00a0\u00bb2_3&Prime; _builder_version=\u00a0\u00bb4.16&Prime; custom_padding=\u00a0\u00bb|||\u00a0\u00bb global_colors_info=\u00a0\u00bb{}\u00a0\u00bb custom_padding__hover=\u00a0\u00bb|||\u00a0\u00bb][et_pb_text admin_label=\u00a0\u00bbTexte\u00a0\u00bb _builder_version=\u00a0\u00bb4.16&Prime; text_font=\u00a0\u00bbJudson||||\u00a0\u00bb text_font_size=\u00a0\u00bb21px\u00a0\u00bb text_line_height=\u00a0\u00bb1em\u00a0\u00bb header_font_size=\u00a0\u00bb10px\u00a0\u00bb background_size=\u00a0\u00bbinitial\u00a0\u00bb background_position=\u00a0\u00bbtop_left\u00a0\u00bb background_repeat=\u00a0\u00bbrepeat\u00a0\u00bb custom_padding=\u00a0\u00bb||5px|||\u00a0\u00bb border_width_all=\u00a0\u00bb12px\u00a0\u00bb border_color_all=\u00a0\u00bb#FFFFFF\u00a0\u00bb use_border_color=\u00a0\u00bboff\u00a0\u00bb border_color=\u00a0\u00bb#ffffff\u00a0\u00bb border_style=\u00a0\u00bbsolid\u00a0\u00bb inline_fonts=\u00a0\u00bbCourgette\u00a0\u00bb global_colors_info=\u00a0\u00bb{}\u00a0\u00bb]<\/p>\n<p><span style=\"font-size: 14pt; font-family: Courgette;\"><span style=\"color: #000000;\">Le d\u00e9roulement d&rsquo;une s\u00e9ance s&rsquo;effectue de mani\u00e8re <strong>\u00e9volutive<\/strong>, elle comprend un d\u00e9but, un point\u00a0<\/span><span style=\"color: #000000;\">culminant et une fin.\u00a0La s\u00e9ance s&rsquo;effectue en trois \u00e9tapes :<strong> le pr\u00e9 contact<\/strong>, <strong>le plein contact<\/strong> et <strong>la phase\u00a0<\/strong><\/span><strong><span style=\"color: #000000;\">d&rsquo;ancrage.<\/span><\/strong><\/span><\/p>\n<p><span style=\"font-size: 14pt; font-family: Courgette;\"><span style=\"color: #000000;\">Le <strong>pr\u00e9 contact<\/strong> est le d\u00e9but d&rsquo;une s\u00e9ance, une sorte de pr\u00e9liminaire durant laquelle on cr\u00e9e <strong>un lien<\/strong><\/span><span style=\"color: #000000;\">\u00a0c&rsquo;est par ce<strong> pr\u00e9 contact<\/strong> que l&rsquo;on donne <strong>l&rsquo;envie<\/strong> et le <strong>besoin<\/strong> au b\u00e9n\u00e9ficiaire de s&rsquo;engager dans <strong>une relation<\/strong>. <\/span><\/span><\/p>\n<p><span style=\"font-family: Courgette;\"><span style=\"font-size: 14pt;\"><span style=\"color: #000000;\">Ensuite il y aura une phase <strong>d&rsquo;engagement\u00a0<\/strong><\/span><span style=\"color: #000000;\">durant laquelle le b\u00e9n\u00e9ficiaire manifestera l&rsquo;envie d&rsquo;entrer en <strong>contact<\/strong> avec l&rsquo;animal, on lui attribuera\u00a0<\/span><span style=\"color: #000000;\">donc une <strong>responsabilit\u00e9<\/strong> ( brosser un animal ou lui donner de la<\/span><\/span><span style=\"color: #000000; font-size: 14pt;\">\u00a0nourriture ).<\/span><\/span><\/p>\n<p><span style=\"font-family: Courgette;\"><span style=\"font-size: 14pt;\"><span style=\"color: #000000;\"><strong>le ple<span style=\"color: #000000;\">in contact<\/span><\/strong> : c&rsquo;est la p\u00e9riode o\u00f9 le b\u00e9n\u00e9ficiaire va <strong>accomplir<\/strong> la t\u00e2che qui lui a \u00e9t\u00e9 attribu\u00e9e et o\u00f9\u00a0il sera en <strong>plein contact<\/strong> avec l&rsquo;animal , il b\u00e9n\u00e9ficiera d&rsquo;un moment <strong>privil\u00e9gi\u00e9<\/strong> avec lui <\/span><\/span><span style=\"color: #000000;\">.<\/span><\/span><\/p>\n<p><span style=\"font-size: 14pt; color: #000000; font-family: Courgette;\">La phase de <strong>d\u00e9sengagement<\/strong> est la situation o\u00f9 l&rsquo;action s&rsquo;appr\u00eate \u00e0 \u00eatre arr\u00eat\u00e9. On peut durant cette phase annoncer le d\u00e9part des animaux et convier les b\u00e9n\u00e9ficiaires \u00e0 mettre la laisse aux chiens ou ranger le mat\u00e9riels pour qu&rsquo; ils prennent toujours part \u00e0 l&rsquo;activit\u00e9.<\/span><\/p>\n<p><span style=\"font-size: 14pt; color: #000000; font-family: Courgette;\">Puis vient la phase d&rsquo;<strong>ancrage<\/strong> c&rsquo;est le <strong>d\u00e9nouement<\/strong> de la s\u00e9ance c&rsquo;est lors de cette phase que l&rsquo;on\u00a0discute sur le d\u00e9roulement de la s\u00e9ance.<\/span><\/p>\n<p>[\/et_pb_text][\/et_pb_column][et_pb_column type=\u00a0\u00bb1_3&Prime; _builder_version=\u00a0\u00bb4.16&Prime; custom_padding=\u00a0\u00bb|||\u00a0\u00bb global_colors_info=\u00a0\u00bb{}\u00a0\u00bb custom_padding__hover=\u00a0\u00bb|||\u00a0\u00bb][et_pb_image src=\u00a0\u00bbhttps:\/\/unpoildemotion.fr\/wp-content\/uploads\/2024\/06\/Jaiko-et-David-1.png\u00a0\u00bb title_text=\u00a0\u00bbJa\u00efko et David (1)\u00a0\u00bb align=\u00a0\u00bbcenter\u00a0\u00bb align_tablet=\u00a0\u00bbcenter\u00a0\u00bb align_phone=\u00a0\u00bb\u00a0\u00bb align_last_edited=\u00a0\u00bbon|desktop\u00a0\u00bb admin_label=\u00a0\u00bbImage\u00a0\u00bb _builder_version=\u00a0\u00bb4.19.5&Prime; custom_margin=\u00a0\u00bb17px|||||\u00a0\u00bb animation_style=\u00a0\u00bbslide\u00a0\u00bb animation_direction=\u00a0\u00bbleft\u00a0\u00bb animation_duration=\u00a0\u00bb500ms\u00a0\u00bb animation_intensity_slide=\u00a0\u00bb10%\u00a0\u00bb border_width_all=\u00a0\u00bb18px\u00a0\u00bb border_color_all=\u00a0\u00bb#FFFFFF\u00a0\u00bb border_style_all=\u00a0\u00bbsolid\u00a0\u00bb use_border_color=\u00a0\u00bbon\u00a0\u00bb border_color=\u00a0\u00bb#ffffff\u00a0\u00bb border_style=\u00a0\u00bbsolid\u00a0\u00bb animation=\u00a0\u00bbleft\u00a0\u00bb sticky=\u00a0\u00bboff\u00a0\u00bb always_center_on_mobile=\u00a0\u00bbon\u00a0\u00bb global_colors_info=\u00a0\u00bb{}\u00a0\u00bb] [\/et_pb_image][\/et_pb_column][\/et_pb_row][\/et_pb_section]<\/p>\n","protected":false},"excerpt":{"rendered":"<p>Le d\u00e9roulement d&rsquo;une s\u00e9ance s&rsquo;effectue de mani\u00e8re \u00e9volutive, elle comprend un d\u00e9but, un point\u00a0culminant et une fin.\u00a0La s\u00e9ance s&rsquo;effectue en trois \u00e9tapes : le pr\u00e9 contact, le plein contact et la phase\u00a0d&rsquo;ancrage. Le pr\u00e9 contact est le d\u00e9but d&rsquo;une s\u00e9ance, une sorte de pr\u00e9liminaire durant laquelle on cr\u00e9e un lien\u00a0c&rsquo;est par ce pr\u00e9 contact que [&hellip;]<\/p>\n","protected":false},"author":1,"featured_media":0,"parent":0,"menu_order":0,"comment_status":"closed","ping_status":"closed","template":"","meta":{"_et_pb_use_builder":"on","_et_pb_old_content":"<h1><span style=\"font-size: 36pt; color: #0000ff;\">D\u00e9roulement des s\u00e9ances de m\u00e9diation animal<\/span><\/h1><p>\u00a0<\/p><h2><span style=\"text-decoration: underline;\"><span style=\"color: #05ad32; font-size: 24pt; text-decoration: underline;\">Les s\u00e9ances\u00a0d\u00e9couverte<\/span><\/span><\/h2><p><span style=\"color: #000000; font-size: 24pt;\">La s\u00e9ance d\u00e9couverte : Elle permet pour l'intervenant <\/span><\/p><p><span style=\"color: #000000; font-size: 24pt;\">de prendre possession des lieux, d\u00e9couvrir les <\/span><\/p><p><span style=\"color: #000000; font-size: 24pt;\">personnes b\u00e9n\u00e9ficiaire et le personnel dont le r\u00e9f\u00e9rent.<\/span><\/p><p><span style=\"color: #000000; font-size: 24pt;\"> Pour le personnel et le r\u00e9f\u00e9rent elle permet de <\/span><\/p><p><span style=\"color: #000000; font-size: 24pt;\">d\u00e9couvrir la m\u00e9diation, les outils p\u00e9dagogique\u00a0et les <\/span><\/p><p><span style=\"color: #000000; font-size: 24pt;\">animaux. On effectue en g\u00e9n\u00e9ral 3 \u00e0 4 s\u00e9ances de <\/span><\/p><p><span style=\"color: #000000; font-size: 24pt;\">d\u00e9couverte pour d\u00e9finir les objectifs individuels dans le <\/span><\/p><p><span style=\"color: #000000; font-size: 24pt;\">cadre d'un programme ou d'une s\u00e9ance d'animation.<\/span><\/p><p><span style=\"color: #000000; font-size: 24pt;\">Il s'agit d'une s\u00e9ance pour 10 personnes maximum.<\/span><\/p><p>\u00a0<\/p><h2><span style=\"text-decoration: underline;\"><span style=\"color: #05ad32; font-size: 24pt; text-decoration: underline;\">Les s\u00e9ances d'animation<\/span><\/span><\/h2><p><span style=\"color: #000000; font-size: 24pt;\">Ce sont des\u00a0s\u00e9ances de loisir tout public, elle est <\/span><\/p><p><span style=\"color: #000000; font-size: 24pt;\">ponctuelle. Cependant celles ci peuvent amener a des<\/span><\/p><p><span style=\"color: #000000; font-size: 24pt;\"> objectifs individuels ou collectifs. Elles permettent aux<\/span><\/p><p><span style=\"color: #000000; font-size: 24pt;\">b\u00e9n\u00e9ficiaires de ce divertir et de se d\u00e9tendre, de <\/span><\/p><p><span style=\"color: #000000; font-size: 24pt;\">passer\u00a0<\/span><span style=\"color: #000000; font-size: 24pt;\">un bon moment en compagnie des animaux. Le <\/span><\/p><p><span style=\"color: #000000; font-size: 24pt;\">groupe <\/span><span style=\"color: #000000; font-size: 24pt;\">de b\u00e9n\u00e9ficiaire peut \u00eatre autant h\u00e9t\u00e9rog\u00e8nes<\/span><\/p><p><span style=\"color: #000000; font-size: 24pt;\"> que <\/span><span style=\"color: #000000; font-size: 24pt;\">polyvalent.\u00a0Il s'agit d'une s\u00e9ance pour 10 <\/span><\/p><p><span style=\"color: #000000; font-size: 24pt;\">personnes <\/span><span style=\"color: #000000; font-size: 24pt;\">maximum.<\/span><\/p><p>\u00a0<\/p><h2><span style=\"text-decoration: underline; color: #09ab03;\"><span style=\"font-size: 24pt;\">Les s\u00e9ances de programme orient\u00e9<\/span><\/span><\/h2><p><span style=\"color: #000000; font-size: 24pt;\">Elles sont th\u00e9rapeutique, \u00e9ducative et p\u00e9dagogique,<\/span><\/p><p><span style=\"color: #000000; font-size: 24pt;\"> social ou dans le domaine de la recherche. Elles <\/span><\/p><p><span style=\"color: #000000; font-size: 24pt;\">m\u00e8nent\u00a0<\/span><span style=\"color: #000000; font-size: 24pt; line-height: 1.7em;\">obligatoirement \u00e0 des objectifs individuels. exemples\u00a0<\/span><span style=\"color: #000000; font-size: 24pt;\">d'objectifs\u00a0: estime de soi, travail de la <\/span><\/p><p><span style=\"color: #000000; font-size: 24pt;\">motricit\u00e9 fine, <\/span><span style=\"color: #000000; font-size: 24pt;\">stimuler la m\u00e9moire, transfert de geste, <\/span><\/p><p><span style=\"color: #000000; font-size: 24pt;\">avoir des <\/span><span style=\"color: #000000; font-size: 24pt;\">rep\u00e8res spacio-temportel , favoriser les <\/span><\/p><p><span style=\"color: #000000; font-size: 24pt;\">interactions \u2026\u00a0<\/span><span style=\"color: #000000; font-size: 24pt;\">Il s'agit de s\u00e9ances pour 5 personnes <\/span><\/p><p><span style=\"color: #000000; font-size: 24pt;\">maximum<\/span><\/p><p>\u00a0<\/p><h2><span style=\"text-decoration: underline;\"><span style=\"color: #09ab03; text-decoration: underline;\">Les s\u00e9ances individuels<\/span><\/span><\/h2><p><span style=\"color: #000000; font-size: 24pt;\">Il peu s'agir de s\u00e9ances d'animations ou de programme <\/span><\/p><p><span style=\"color: #000000; font-size: 24pt;\">orient\u00e9<\/span><\/p>","_et_gb_content_width":""},"yoast_head":"<!-- This site is optimized with the Yoast SEO plugin v20.4 - https:\/\/yoast.com\/wordpress\/plugins\/seo\/ -->\n<title>Les s\u00e9ances - un poil d&#039;\u00e9motion<\/title>\n<meta name=\"description\" content=\"descriptif de l&#039;organisation et du d\u00e9roulement des diff\u00e9rentes s\u00e9ances de m\u00e9diation assist\u00e9e par l&#039;animal pour son bon fonctionnement\" \/>\n<meta name=\"robots\" content=\"index, follow, max-snippet:-1, max-image-preview:large, max-video-preview:-1\" \/>\n<link rel=\"canonical\" href=\"https:\/\/unpoildemotion.fr\/index.php\/les-seances\/\" \/>\n<meta property=\"og:locale\" content=\"fr_FR\" \/>\n<meta property=\"og:type\" content=\"article\" \/>\n<meta property=\"og:title\" content=\"Les s\u00e9ances - un poil d&#039;\u00e9motion\" \/>\n<meta property=\"og:description\" content=\"descriptif de l&#039;organisation et du d\u00e9roulement des diff\u00e9rentes s\u00e9ances de m\u00e9diation assist\u00e9e par l&#039;animal pour son bon fonctionnement\" \/>\n<meta property=\"og:url\" content=\"https:\/\/unpoildemotion.fr\/index.php\/les-seances\/\" \/>\n<meta property=\"og:site_name\" content=\"un poil d&#039;\u00e9motion\" \/>\n<meta property=\"article:modified_time\" content=\"2025-11-03T18:16:25+00:00\" \/>\n<meta name=\"twitter:card\" content=\"summary_large_image\" \/>\n<meta name=\"twitter:label1\" content=\"Dur\u00e9e de lecture estim\u00e9e\" \/>\n\t<meta name=\"twitter:data1\" content=\"3 minutes\" \/>\n<script type=\"application\/ld+json\" class=\"yoast-schema-graph\">{\"@context\":\"https:\/\/schema.org\",\"@graph\":[{\"@type\":\"WebPage\",\"@id\":\"https:\/\/unpoildemotion.fr\/index.php\/les-seances\/\",\"url\":\"https:\/\/unpoildemotion.fr\/index.php\/les-seances\/\",\"name\":\"Les s\u00e9ances - un poil d&#039;\u00e9motion\",\"isPartOf\":{\"@id\":\"https:\/\/unpoildemotion.fr\/#website\"},\"datePublished\":\"2016-07-13T13:12:15+00:00\",\"dateModified\":\"2025-11-03T18:16:25+00:00\",\"description\":\"descriptif de l'organisation et du d\u00e9roulement des diff\u00e9rentes s\u00e9ances de m\u00e9diation assist\u00e9e par l'animal pour son bon fonctionnement\",\"breadcrumb\":{\"@id\":\"https:\/\/unpoildemotion.fr\/index.php\/les-seances\/#breadcrumb\"},\"inLanguage\":\"fr-FR\",\"potentialAction\":[{\"@type\":\"ReadAction\",\"target\":[\"https:\/\/unpoildemotion.fr\/index.php\/les-seances\/\"]}]},{\"@type\":\"BreadcrumbList\",\"@id\":\"https:\/\/unpoildemotion.fr\/index.php\/les-seances\/#breadcrumb\",\"itemListElement\":[{\"@type\":\"ListItem\",\"position\":1,\"name\":\"Accueil\",\"item\":\"https:\/\/unpoildemotion.fr\/\"},{\"@type\":\"ListItem\",\"position\":2,\"name\":\"Les s\u00e9ances\"}]},{\"@type\":\"WebSite\",\"@id\":\"https:\/\/unpoildemotion.fr\/#website\",\"url\":\"https:\/\/unpoildemotion.fr\/\",\"name\":\"un poil d&#039;\u00e9motion\",\"description\":\"le bien-\u00eatre par l&#039;animal\",\"publisher\":{\"@id\":\"https:\/\/unpoildemotion.fr\/#\/schema\/person\/492b22c9db13b2c944912056d80be19a\"},\"potentialAction\":[{\"@type\":\"SearchAction\",\"target\":{\"@type\":\"EntryPoint\",\"urlTemplate\":\"https:\/\/unpoildemotion.fr\/?s={search_term_string}\"},\"query-input\":\"required name=search_term_string\"}],\"inLanguage\":\"fr-FR\"},{\"@type\":[\"Person\",\"Organization\"],\"@id\":\"https:\/\/unpoildemotion.fr\/#\/schema\/person\/492b22c9db13b2c944912056d80be19a\",\"name\":\"perrine delecourt\",\"logo\":{\"@id\":\"https:\/\/unpoildemotion.fr\/#\/schema\/person\/image\/\"}}]}<\/script>\n<!-- \/ Yoast SEO plugin. -->","yoast_head_json":{"title":"Les s\u00e9ances - un poil d&#039;\u00e9motion","description":"descriptif de l'organisation et du d\u00e9roulement des diff\u00e9rentes s\u00e9ances de m\u00e9diation assist\u00e9e par l'animal pour son bon fonctionnement","robots":{"index":"index","follow":"follow","max-snippet":"max-snippet:-1","max-image-preview":"max-image-preview:large","max-video-preview":"max-video-preview:-1"},"canonical":"https:\/\/unpoildemotion.fr\/index.php\/les-seances\/","og_locale":"fr_FR","og_type":"article","og_title":"Les s\u00e9ances - un poil d&#039;\u00e9motion","og_description":"descriptif de l'organisation et du d\u00e9roulement des diff\u00e9rentes s\u00e9ances de m\u00e9diation assist\u00e9e par l'animal pour son bon fonctionnement","og_url":"https:\/\/unpoildemotion.fr\/index.php\/les-seances\/","og_site_name":"un poil d&#039;\u00e9motion","article_modified_time":"2025-11-03T18:16:25+00:00","twitter_card":"summary_large_image","twitter_misc":{"Dur\u00e9e de lecture estim\u00e9e":"3 minutes"},"schema":{"@context":"https:\/\/schema.org","@graph":[{"@type":"WebPage","@id":"https:\/\/unpoildemotion.fr\/index.php\/les-seances\/","url":"https:\/\/unpoildemotion.fr\/index.php\/les-seances\/","name":"Les s\u00e9ances - un poil d&#039;\u00e9motion","isPartOf":{"@id":"https:\/\/unpoildemotion.fr\/#website"},"datePublished":"2016-07-13T13:12:15+00:00","dateModified":"2025-11-03T18:16:25+00:00","description":"descriptif de l'organisation et du d\u00e9roulement des diff\u00e9rentes s\u00e9ances de m\u00e9diation assist\u00e9e par l'animal pour son bon fonctionnement","breadcrumb":{"@id":"https:\/\/unpoildemotion.fr\/index.php\/les-seances\/#breadcrumb"},"inLanguage":"fr-FR","potentialAction":[{"@type":"ReadAction","target":["https:\/\/unpoildemotion.fr\/index.php\/les-seances\/"]}]},{"@type":"BreadcrumbList","@id":"https:\/\/unpoildemotion.fr\/index.php\/les-seances\/#breadcrumb","itemListElement":[{"@type":"ListItem","position":1,"name":"Accueil","item":"https:\/\/unpoildemotion.fr\/"},{"@type":"ListItem","position":2,"name":"Les s\u00e9ances"}]},{"@type":"WebSite","@id":"https:\/\/unpoildemotion.fr\/#website","url":"https:\/\/unpoildemotion.fr\/","name":"un poil d&#039;\u00e9motion","description":"le bien-\u00eatre par l&#039;animal","publisher":{"@id":"https:\/\/unpoildemotion.fr\/#\/schema\/person\/492b22c9db13b2c944912056d80be19a"},"potentialAction":[{"@type":"SearchAction","target":{"@type":"EntryPoint","urlTemplate":"https:\/\/unpoildemotion.fr\/?s={search_term_string}"},"query-input":"required name=search_term_string"}],"inLanguage":"fr-FR"},{"@type":["Person","Organization"],"@id":"https:\/\/unpoildemotion.fr\/#\/schema\/person\/492b22c9db13b2c944912056d80be19a","name":"perrine delecourt","logo":{"@id":"https:\/\/unpoildemotion.fr\/#\/schema\/person\/image\/"}}]}},"_links":{"self":[{"href":"https:\/\/unpoildemotion.fr\/index.php\/wp-json\/wp\/v2\/pages\/100"}],"collection":[{"href":"https:\/\/unpoildemotion.fr\/index.php\/wp-json\/wp\/v2\/pages"}],"about":[{"href":"https:\/\/unpoildemotion.fr\/index.php\/wp-json\/wp\/v2\/types\/page"}],"author":[{"embeddable":true,"href":"https:\/\/unpoildemotion.fr\/index.php\/wp-json\/wp\/v2\/users\/1"}],"replies":[{"embeddable":true,"href":"https:\/\/unpoildemotion.fr\/index.php\/wp-json\/wp\/v2\/comments?post=100"}],"version-history":[{"count":75,"href":"https:\/\/unpoildemotion.fr\/index.php\/wp-json\/wp\/v2\/pages\/100\/revisions"}],"predecessor-version":[{"id":1639,"href":"https:\/\/unpoildemotion.fr\/index.php\/wp-json\/wp\/v2\/pages\/100\/revisions\/1639"}],"wp:attachment":[{"href":"https:\/\/unpoildemotion.fr\/index.php\/wp-json\/wp\/v2\/media?parent=100"}],"curies":[{"name":"wp","href":"https:\/\/api.w.org\/{rel}","templated":true}]}}